{"id":2167,"date":"2019-10-03T10:34:03","date_gmt":"2019-10-03T08:34:03","guid":{"rendered":"https:\/\/sunra-oficial.com\/?post_type=product&#038;p=2167"},"modified":"2023-07-18T12:19:56","modified_gmt":"2023-07-18T10:19:56","slug":"ronic-matriculable-3000w-40ah-rojo","status":"publish","type":"product","link":"https:\/\/sunra-oficial.com\/?product=ronic-matriculable-3000w-40ah-rojo","title":{"rendered":"SUNRA Ronic 49e 3000W\/40AH Rojo"},"content":{"rendered":"<h3>Ronic 49e 3000W\/40Ah<\/h3>\n<p>Te presentamos <strong>LA NOVEDAD<\/strong> que Gran Scooter trae a Espa\u00f1a. <strong>SUNRA lo ha vuelto a hacer<\/strong> y como no puede ser de otra manera, Gran Scooter te la lleva hasta la puerta de tu casa, <strong>matriculada y lista para disfrutarla<\/strong>.<\/p>\n<p>Se trata del nuevo modelo estilo Vintage inspirado en la archiconocida \u00abVespa\u00bb. No hemos reinventado \u00abla Vespa\u00bb, pero si que la hemos mejorado, porque dentro de esa fachada de \u00abmoto antigua\u00bb esconde la tecnolog\u00eda del <strong>presente y del futuro<\/strong>.<\/p>\n<p><a href=\"https:\/\/ibb.co\/23ndhsC\" target=\"_blank\" rel=\"noopener\"><img decoding=\"async\" data-src=\"https:\/\/i.ibb.co\/pj0dwRM\/Perfil-Dch.jpg\" alt=\"Perfil-Dch\" border=\"0\" title=\"\" src=\"data:image\/svg+xml;base64,PHN2ZyB3aWR0aD0iMSIgaGVpZ2h0PSIxIiB4bWxucz0iaHR0cDovL3d3dy53My5vcmcvMjAwMC9zdmciPjwvc3ZnPg==\" class=\"lazyload\"><\/a><\/p>\n<p>Un gran motor, eso es lo que tiene la RONIC debajo. Algo que te permitir\u00e1 hacer kil\u00f3metros y kil\u00f3metros desmedidamente, con un dise\u00f1o elegante y espectacular<\/p>\n<p>Se trata de un motor DC sin escobillas con una potencia de 3000W, capaz de llegar a los 120 Km de autonom\u00eda (referencia sacada de una prueba realizada con una persona de 70 Kg). Con capacidad para subir una pendiente de 13\u00ba de inclinaci\u00f3n, y en rectas, es capaz de llegar a una velocidad m\u00e1xima de 45 Km\/h.<\/p>\n<p><a href=\"https:\/\/ibb.co\/9Y6z1hV\" target=\"_blank\" rel=\"noopener\"><img decoding=\"async\" data-src=\"https:\/\/i.ibb.co\/h8bh4cZ\/Motor.jpg\" alt=\"Motor\" border=\"0\" title=\"\" src=\"data:image\/svg+xml;base64,PHN2ZyB3aWR0aD0iMSIgaGVpZ2h0PSIxIiB4bWxucz0iaHR0cDovL3d3dy53My5vcmcvMjAwMC9zdmciPjwvc3ZnPg==\" class=\"lazyload\"><\/a><\/p>\n<p>La instrumentaci\u00f3n de esta moto el\u00e9ctrica es completamente digital, y te permite conocer el nivel de carga de la bater\u00eda, la velocidad, los kil\u00f3metros recorridos y la hora.<\/p>\n<p><a href=\"https:\/\/ibb.co\/2W6VKV2\" target=\"_blank\" rel=\"noopener\"><img decoding=\"async\" data-src=\"https:\/\/i.ibb.co\/mbBZzZs\/Marcador.jpg\" alt=\"Marcador\" border=\"0\" title=\"\" src=\"data:image\/svg+xml;base64,PHN2ZyB3aWR0aD0iMSIgaGVpZ2h0PSIxIiB4bWxucz0iaHR0cDovL3d3dy53My5vcmcvMjAwMC9zdmciPjwvc3ZnPg==\" class=\"lazyload\"><\/a><\/p>\n<p>La moto el\u00e9ctrica Ronic est\u00e1 equipada con una luz frontal que proporciona un gran \u00e1ngulo de visi\u00f3n permitiendo as\u00ed su conducci\u00f3n por la noche sin ning\u00fan tipo de peligro, as\u00ed como los intermitentes integrados en el chasis.<\/p>\n<p><a href=\"https:\/\/ibb.co\/PMThrvQ\" target=\"_blank\" rel=\"noopener\"><img decoding=\"async\" data-src=\"https:\/\/i.ibb.co\/jzVM8PR\/FaroTRAS.jpg\" alt=\"FaroTRAS\" border=\"0\" title=\"\" src=\"data:image\/svg+xml;base64,PHN2ZyB3aWR0aD0iMSIgaGVpZ2h0PSIxIiB4bWxucz0iaHR0cDovL3d3dy53My5vcmcvMjAwMC9zdmciPjwvc3ZnPg==\" class=\"lazyload\"><\/a><\/p>\n<p>El peso de la Ronic (71 kg sin bater\u00eda) permite alcanzar una velocidad m\u00e1xima de hasta <strong>45km\/h<\/strong>, la cual coincide con la permitida por la DGT.<\/p>\n<p>\u00abEl dep\u00f3sito\u00bb de la Ronic est\u00e1 compuesta por 2 bater\u00edas de litio con una capacidad de 72V 40AH. Es extra\u00edble, lo que te aporta una comodidad inmensa a la hora de cargarla, \u00abla sacas\u00bb, la enchufas, y como nueva. La gran calidad de su bater\u00eda, as\u00ed como su tama\u00f1o, permiten una autonom\u00eda de hasta 120km para un pasajero de 70 kg de peso. Su tiempo de carga de 6 horas permite su disfrute diario sin interrupciones. Adem\u00e1s, su vida \u00fatil son 800 ciclos de carga.<\/p>\n<p><a href=\"https:\/\/ibb.co\/DtcGvv9\" target=\"_blank\" rel=\"noopener\"><img decoding=\"async\" data-src=\"https:\/\/i.ibb.co\/bPwHCCs\/Montaje-Bateria-extraible.jpg\" alt=\"Montaje-Bateria-extraible\" border=\"0\" title=\"\" src=\"data:image\/svg+xml;base64,PHN2ZyB3aWR0aD0iMSIgaGVpZ2h0PSIxIiB4bWxucz0iaHR0cDovL3d3dy53My5vcmcvMjAwMC9zdmciPjwvc3ZnPg==\" class=\"lazyload\"><\/a><\/p>\n<p><strong> \u00c9sta scooter el\u00e9ctrica <\/strong>dispone de un sistema de frenos de disco eficaz, y cuenta con amortiguadores para que el conductor pueda viajar c\u00f3modo en terrenos accidentados o con baches.<\/p>\n<p><a href=\"https:\/\/ibb.co\/N2r4q2S\" target=\"_blank\" rel=\"noopener\"><img decoding=\"async\" data-src=\"https:\/\/i.ibb.co\/s9CB49H\/Frenodisco.jpg\" alt=\"Frenodisco\" border=\"0\" title=\"\" src=\"data:image\/svg+xml;base64,PHN2ZyB3aWR0aD0iMSIgaGVpZ2h0PSIxIiB4bWxucz0iaHR0cDovL3d3dy53My5vcmcvMjAwMC9zdmciPjwvc3ZnPg==\" class=\"lazyload\"><\/a><\/p>\n<p>&nbsp;<\/p>\n<p>Adem\u00e1s viene con Ba\u00fal y Portamaletas Delantero Incluidos, para que la carga diaria no sea una excusa para no llevarla contigo a todas partes.<\/p>\n<p><a href=\"https:\/\/ibb.co\/yygB5g7\" target=\"_blank\" rel=\"noopener\"><img decoding=\"async\" data-src=\"https:\/\/i.ibb.co\/VSMpDM5\/Portaequipajes.jpg\" alt=\"Portaequipajes\" border=\"0\" title=\"\" src=\"data:image\/svg+xml;base64,PHN2ZyB3aWR0aD0iMSIgaGVpZ2h0PSIxIiB4bWxucz0iaHR0cDovL3d3dy53My5vcmcvMjAwMC9zdmciPjwvc3ZnPg==\" class=\"lazyload\"><\/a><a href=\"https:\/\/ibb.co\/mcLX3Bj\" target=\"_blank\" rel=\"noopener\"><img decoding=\"async\" data-src=\"https:\/\/i.ibb.co\/5RNnP90\/Baul.jpg\" alt=\"Baul\" border=\"0\" title=\"\" src=\"data:image\/svg+xml;base64,PHN2ZyB3aWR0aD0iMSIgaGVpZ2h0PSIxIiB4bWxucz0iaHR0cDovL3d3dy53My5vcmcvMjAwMC9zdmciPjwvc3ZnPg==\" class=\"lazyload\"><\/a><\/p>\n<p><strong>****IMPORTANTE:<\/strong> Sunra Espa\u00f1a Distribuye Producto Oficial, homologado para circular por carreteras, y con certificado del Ministerio de Industria. Con total garant\u00eda en el producto, piezas y repuestos. Desgraciadamente, existen el mercado productos paralelos que NO SE PUEDEN MATRICULAR, con caracter\u00edsticas no aprobadas por el ministerio de Industria, y que no tienen acceso a la garant\u00eda oficial ni a los repuestos. Compre con inteligencia.<\/p>\n<p>Para la conducci\u00f3n de este veh\u00edculo ser\u00e1 necesario poseer el Permiso de Circulaci\u00f3n AM o el B. Se puede obtener a partir de los 15 a\u00f1os de edad en la DGT..<\/p>\n<p>&nbsp;<\/p>\n<p><iframe data-src=\"https:\/\/www.youtube.com\/embed\/UhmTW0aH9go\" width=\"560\" height=\"315\" frameborder=\"0\" allowfullscreen=\"allowfullscreen\" src=\"data:image\/svg+xml;base64,PHN2ZyB3aWR0aD0iMSIgaGVpZ2h0PSIxIiB4bWxucz0iaHR0cDovL3d3dy53My5vcmcvMjAwMC9zdmciPjwvc3ZnPg==\" class=\"lazyload\" data-load-mode=\"1\"><\/iframe><\/p>\n<p><strong>* ADVERTENCIA:<\/strong><\/p>\n<p>Antes de su uso, lea completamente el manual de usuario, advertencias de seguridad, mantenimiento, inspecci\u00f3n, uso de de las bater\u00edas y conserve el manual con el que se acompa\u00f1a el producto, para futuras referencias.<\/p>\n<p>El precio de este producto, incluye el transporte en la Pen\u00ednsula y el IVA nacional. El comprador deber\u00e1 asegurar el ciclomotor mediante su compa\u00f1\u00eda aseguradora, cumplir las normas de circulaci\u00f3n y matricular su veh\u00edculo.<\/p>\n<p><b>Tambi\u00e9n<\/b><strong>\u00a0es necesario firmar un contrato de venta. Nuestro equipo se pondr\u00e1 en contacto con el comprador para enviarle dichos contratos y realizar el tramite.<\/strong><\/p>\n<p><strong>Especificaciones:<\/strong><\/p>\n<p><strong>Permiso de circulaci\u00f3n:<\/strong><\/p>\n<p>AM, A1,A2,A,B<\/p>\n<table border=\"0\" width=\"100%\" cellspacing=\"0\" cellpadding=\"0\">\n<tbody>\n<tr>\n<td align=\"left\" width=\"206\"><strong>Nombre de producto:<\/strong><\/td>\n<td colspan=\"1\" align=\"left\" width=\"248\"><strong>Ronic<\/strong><\/td>\n<\/tr>\n<tr>\n<td align=\"left\"><strong>Energ\u00eda del motor:<\/strong><\/td>\n<td colspan=\"1\" align=\"left\">3000W Brushless Motor<\/td>\n<\/tr>\n<tr>\n<td align=\"left\"><strong>Controlador:<\/strong><\/td>\n<td align=\"left\">15mosfets<\/td>\n<\/tr>\n<tr>\n<td align=\"left\"><strong>Velocidad m\u00e1xima:<\/strong><\/td>\n<td align=\"left\">45 (km\/h)<\/td>\n<\/tr>\n<tr>\n<td align=\"left\"><strong>Tipos de bater\u00edas:<\/strong><\/td>\n<td align=\"left\">2 x Bater\u00eda de litio extra\u00edble<\/td>\n<\/tr>\n<tr>\n<td align=\"left\"><strong>Capacidad de la bater\u00eda:<\/strong><\/td>\n<td align=\"left\">2 x 20AH DE 72V (40AH\/72V)<\/td>\n<\/tr>\n<tr>\n<td align=\"left\"><strong>Alcance m\u00e1ximo:<\/strong><\/td>\n<td align=\"left\">120 km. \/ 1 persona (70kg)<\/td>\n<\/tr>\n<tr>\n<td align=\"left\"><strong>Bater\u00eda tiempo de carga:<\/strong><\/td>\n<td colspan=\"1\" align=\"left\">6 horas<\/td>\n<\/tr>\n<tr>\n<td align=\"left\"><strong>Vida de bater\u00eda:<\/strong><\/td>\n<td colspan=\"1\" align=\"left\">800 ciclos de carga<\/td>\n<\/tr>\n<tr>\n<td align=\"left\"><strong>Capacidad de subida:<\/strong><\/td>\n<td colspan=\"1\" align=\"left\">13% (1 persona, 70kg)<\/td>\n<\/tr>\n<tr>\n<td align=\"left\"><strong>Tipo de medidor:<\/strong><\/td>\n<td colspan=\"1\" align=\"left\">Digital<\/td>\n<\/tr>\n<tr>\n<td align=\"left\"><strong>Frenos (frontal\/trasero):<\/strong><\/td>\n<td colspan=\"1\" align=\"left\">Disco\/Disco<\/td>\n<\/tr>\n<tr>\n<td align=\"left\"><strong>Amortiguador (Frontal\/Trasero):<\/strong><\/td>\n<td colspan=\"1\" align=\"left\">Hidr\u00e1ulico \/ Hidr\u00e1ulico<\/td>\n<\/tr>\n<tr>\n<td align=\"left\"><strong>Tama\u00f1o de neum\u00e1tico:<\/strong><\/td>\n<td colspan=\"1\" align=\"left\">3.5-10 &#8216;neum\u00e1tico sin c\u00e1mara&#8217;<\/td>\n<\/tr>\n<tr>\n<td align=\"left\"><strong>Capacidad Max de carga:<\/strong><\/td>\n<td colspan=\"1\" align=\"left\">2 personas + carga (150kg)<\/td>\n<\/tr>\n<tr>\n<td align=\"left\"><strong>Tipo de marco:<\/strong><\/td>\n<td colspan=\"1\" align=\"left\">Acero<\/td>\n<\/tr>\n<tr>\n<td align=\"left\"><strong>Peso neto:<\/strong><\/td>\n<td colspan=\"1\" align=\"left\">71kg (sin bater\u00eda)<\/td>\n<\/tr>\n<tr>\n<td align=\"left\"><strong>Peso de la bater\u00eda:<\/strong><\/td>\n<td align=\"left\">18kg<\/td>\n<\/tr>\n<tr>\n<td align=\"left\"><strong>Incluye:<\/strong><\/td>\n<td colspan=\"1\" align=\"left\">Portaequipajes delantero + ba\u00fal trasero 29 Litros<\/td>\n<\/tr>\n<tr>\n<td align=\"left\"><strong>Tama\u00f1o del embalaje:<\/strong><\/td>\n<td colspan=\"1\" align=\"left\">192 x 68 x 110 cm<\/td>\n<\/tr>\n<\/tbody>\n<\/table>\n<p><strong>Ciclomotor Electrico 0 Emisiones Homologado por la Direcci\u00f3n General de Trafico y Ministerio de Industria . Circulaci\u00f3n Legal 100&#215;100. <\/strong><\/p>\n<p><a href=\"https:\/\/ibb.co\/JzsZ9D7\" target=\"_blank\" rel=\"noopener\"><img decoding=\"async\" data-src=\"https:\/\/i.ibb.co\/hKm0S3W\/tarjetaemisioneseco.jpg\" alt=\"tarjetaemisioneseco\" width=\"197\" height=\"142\" border=\"0\" title=\"\" src=\"data:image\/svg+xml;base64,PHN2ZyB3aWR0aD0iMSIgaGVpZ2h0PSIxIiB4bWxucz0iaHR0cDovL3d3dy53My5vcmcvMjAwMC9zdmciPjwvc3ZnPg==\" class=\"lazyload\" style=\"--smush-placeholder-width: 197px; --smush-placeholder-aspect-ratio: 197\/142;\"><\/a><\/p>\n<p>&nbsp;<\/p>\n<p>&nbsp;<\/p>\n<p><strong>Garant\u00eda:<\/strong><\/p>\n<p>2 a\u00f1os en todos los componentes y partes del producto, incluida la bater\u00eda. Disponemos de todo tipo de repuestos, como baterias, motores, cubiertas, faros y pilotos, frenos, manetas, electr\u00f3nica..<\/p>\n<p>&nbsp;<\/p>\n<p><strong>\u00bfConoces las Ventajas del Veh\u00edculo El\u00e9ctrico?<\/strong><\/p>\n<div align=\"center\"><img decoding=\"async\" data-src=\"https:\/\/i.ibb.co\/rFJ3NJ9\/Tabla-Comparativa-Vehiculo-Electrico-Combustion.jpg\" alt=\"Tabla-Comparativa-Vehiculo-Electrico-Combustion\" align=\"middle\" border=\"0\" title=\"\" src=\"data:image\/svg+xml;base64,PHN2ZyB3aWR0aD0iMSIgaGVpZ2h0PSIxIiB4bWxucz0iaHR0cDovL3d3dy53My5vcmcvMjAwMC9zdmciPjwvc3ZnPg==\" class=\"lazyload\"><\/div>\n<p>&nbsp;<\/p>\n","protected":false},"excerpt":{"rendered":"<ul>\n<li><strong>Motor 3000W<\/strong><\/li>\n<li><strong>Bater\u00eda Litio Extra\u00edble<\/strong><\/li>\n<li><strong>Hasta 120 Km de Autonom\u00eda<\/strong><\/li>\n<li><strong>Incluye Portaequipajes y Ba\u00fal 29 Litros<\/strong><\/li>\n<li><strong>Dise\u00f1o Vintage<\/strong><\/li>\n<\/ul>\n","protected":false},"featured_media":3884,"comment_status":"open","ping_status":"closed","template":"","meta":[],"product_cat":[78],"product_tag":[79,82,81],"class_list":{"0":"post-2167","1":"product","2":"type-product","3":"status-publish","4":"has-post-thumbnail","6":"product_cat-ronic-scooter-electrico-vintage","7":"product_tag-moto-electrica","8":"product_tag-ronic","9":"product_tag-scooter-electrico","11":"first","12":"instock","13":"taxable","14":"shipping-taxable","15":"purchasable","16":"product-type-simple"},"_links":{"self":[{"href":"https:\/\/sunra-oficial.com\/index.php?rest_route=\/wp\/v2\/product\/2167","targetHints":{"allow":["GET"]}}],"collection":[{"href":"https:\/\/sunra-oficial.com\/index.php?rest_route=\/wp\/v2\/product"}],"about":[{"href":"https:\/\/sunra-oficial.com\/index.php?rest_route=\/wp\/v2\/types\/product"}],"replies":[{"embeddable":true,"href":"https:\/\/sunra-oficial.com\/index.php?rest_route=%2Fwp%2Fv2%2Fcomments&post=2167"}],"wp:featuredmedia":[{"embeddable":true,"href":"https:\/\/sunra-oficial.com\/index.php?rest_route=\/wp\/v2\/media\/3884"}],"wp:attachment":[{"href":"https:\/\/sunra-oficial.com\/index.php?rest_route=%2Fwp%2Fv2%2Fmedia&parent=2167"}],"wp:term":[{"taxonomy":"product_cat","embeddable":true,"href":"https:\/\/sunra-oficial.com\/index.php?rest_route=%2Fwp%2Fv2%2Fproduct_cat&post=2167"},{"taxonomy":"product_tag","embeddable":true,"href":"https:\/\/sunra-oficial.com\/index.php?rest_route=%2Fwp%2Fv2%2Fproduct_tag&post=2167"}],"curies":[{"name":"wp","href":"https:\/\/api.w.org\/{rel}","templated":true}]}}