{"id":3101,"date":"2020-04-30T15:47:04","date_gmt":"2020-04-30T13:47:04","guid":{"rendered":"https:\/\/sunra-oficial.com\/?post_type=product&#038;p=3101"},"modified":"2023-06-08T12:41:39","modified_gmt":"2023-06-08T10:41:39","slug":"casco-moto-jet-negro-con-gafas-protectoras","status":"publish","type":"product","link":"https:\/\/sunra-oficial.com\/?product=casco-moto-jet-negro-con-gafas-protectoras","title":{"rendered":"Casco Moto Jet Negro Con gafas Protectoras"},"content":{"rendered":"<p><strong>Casco Moto Jet Negro con gafas Protectoras<\/strong> El Casco Moto Jet Negro con gafas Protectoras es sin\u00f3nimo de comodidad, seguridad y estilo. Este casco destaca por tener una visera integrada abatible con un gran \u00e1ngulo de visi\u00f3n. Todas estas caracter\u00edsticas hacen de este casco un sistema completo sobresaliente, que es adecuado incluso para los motociclistas m\u00e1s exigentes alejando la cara del viento al conducir. El casco de termopl\u00e1stico est\u00e1 dise\u00f1ado para absorber los golpes de posibles accidentes, garantizando su comodidad en su interior lateral extra\u00edble y lavable de material antibacteriano. Combina un estilo moderno, pr\u00e1ctico y compacto. Ligero y perfecto tanto para ciudad como para largos recorridos con tu moto.<\/p>\n<p>&nbsp;<\/p>\n<p><img decoding=\"async\" data-src=\"https:\/\/i.ibb.co\/0fVh4Tb\/IMG-5761.jpg\" alt=\"IMG-5761\" border=\"0\" title=\"\" src=\"data:image\/svg+xml;base64,PHN2ZyB3aWR0aD0iMSIgaGVpZ2h0PSIxIiB4bWxucz0iaHR0cDovL3d3dy53My5vcmcvMjAwMC9zdmciPjwvc3ZnPg==\" class=\"lazyload\"><\/p>\n<p>&nbsp;<\/p>\n<p><strong>Caracter\u00edsticas:<\/strong><\/p>\n<ul>\n<li style=\"list-style-type: none;\">\n<ul>\n<li style=\"list-style-type: none;\">\n<ul>\n<li>Casco ideal para j\u00f3venes y adultos<\/li>\n<li>Peso: 1050+\/-50g<\/li>\n<li>Material de la cubierta exterior: Resina termopl\u00e1stica.<\/li>\n<li>Pulsadores preformados para signos y visores<\/li>\n<li>Cierre micro (cierre de clic)<\/li>\n<li>Forro agradable, antialerg\u00e9nico y perforado para una mejor ventilaci\u00f3n<\/li>\n<li>Visera Integrada y abatible<\/li>\n<li>Visera con Quick Release &amp; Anti Scratch Visor<\/li>\n<\/ul>\n<\/li>\n<\/ul>\n<\/li>\n<\/ul>\n<p><img decoding=\"async\" data-src=\"https:\/\/i.ibb.co\/7C8jDx6\/talla-casco-descrip.png\" alt=\"talla-casco-descrip\" border=\"0\" title=\"\" src=\"data:image\/svg+xml;base64,PHN2ZyB3aWR0aD0iMSIgaGVpZ2h0PSIxIiB4bWxucz0iaHR0cDovL3d3dy53My5vcmcvMjAwMC9zdmciPjwvc3ZnPg==\" class=\"lazyload\"><\/p>\n<p>&nbsp;<\/p>\n<p><strong>Especificaciones<\/strong><\/p>\n<ul>\n<li style=\"list-style-type: none;\">\n<ul>\n<li>Calota de resina termopl\u00e1stica que dota a las almohadillas del casco propiedades de seguridad<\/li>\n<li>Forro antialerg\u00e9nico y perforado<\/li>\n<li>Cheekpads Almohadas laterales extra\u00edbles y lavables<\/li>\n<li>Barbiquejo con hebilla de cierre con ajuste milim\u00e9trico<\/li>\n<li>Sistema de retenci\u00f3n micr\u00f3metro.<\/li>\n<li>Barniz resistente a los UV<\/li>\n<li>Visera plegable integrada resistente a ara\u00f1azos<\/li>\n<li>Barniz resistente a los UV<\/li>\n<\/ul>\n<\/li>\n<\/ul>\n<p><strong>ECE 22.05 NOTA IMPORTANTE <\/strong>Este casco ha sido construido, probado y aprobado de acuerdo con las regulaciones europeas ECE \/ ONU R22.05. Por su seguridad, compre y use unicamente cascos 100% homologados como este. El casco est\u00e1 autorizado a circular en toda Europa.<\/p>\n<p><iframe data-src=\"https:\/\/www.youtube.com\/embed\/KwDoV4Yw4mY\" width=\"560\" height=\"315\" frameborder=\"0\" allowfullscreen=\"allowfullscreen\" src=\"data:image\/svg+xml;base64,PHN2ZyB3aWR0aD0iMSIgaGVpZ2h0PSIxIiB4bWxucz0iaHR0cDovL3d3dy53My5vcmcvMjAwMC9zdmciPjwvc3ZnPg==\" class=\"lazyload\" data-load-mode=\"1\"><\/iframe><\/p>\n<p>&nbsp;<\/p>\n<p><strong>Garant\u00eda:<\/strong> 2 a\u00f1os<\/p>\n","protected":false},"excerpt":{"rendered":"<p>Casco Moto Jet Negro con gafas Protectoras El Casco Moto Jet Negro con gafas Protectoras es sin\u00f3nimo de comodidad, seguridad y estilo. Este casco destaca por tener una visera integrada abatible con un gran \u00e1ngulo de visi\u00f3n. Todas estas caracter\u00edsticas hacen de este casco un sistema completo sobresaliente, que es adecuado incluso para los motociclistas [&#8230;]\n","protected":false},"featured_media":3106,"comment_status":"open","ping_status":"closed","template":"","meta":[],"product_cat":[87,347],"product_tag":[91],"class_list":{"0":"post-3101","1":"product","2":"type-product","3":"status-publish","4":"has-post-thumbnail","6":"product_cat-accesorios","7":"product_cat-cascos","8":"product_tag-cascos","10":"first","11":"instock","12":"taxable","13":"shipping-taxable","14":"purchasable","15":"product-type-variable"},"_links":{"self":[{"href":"https:\/\/sunra-oficial.com\/index.php?rest_route=\/wp\/v2\/product\/3101","targetHints":{"allow":["GET"]}}],"collection":[{"href":"https:\/\/sunra-oficial.com\/index.php?rest_route=\/wp\/v2\/product"}],"about":[{"href":"https:\/\/sunra-oficial.com\/index.php?rest_route=\/wp\/v2\/types\/product"}],"replies":[{"embeddable":true,"href":"https:\/\/sunra-oficial.com\/index.php?rest_route=%2Fwp%2Fv2%2Fcomments&post=3101"}],"wp:featuredmedia":[{"embeddable":true,"href":"https:\/\/sunra-oficial.com\/index.php?rest_route=\/wp\/v2\/media\/3106"}],"wp:attachment":[{"href":"https:\/\/sunra-oficial.com\/index.php?rest_route=%2Fwp%2Fv2%2Fmedia&parent=3101"}],"wp:term":[{"taxonomy":"product_cat","embeddable":true,"href":"https:\/\/sunra-oficial.com\/index.php?rest_route=%2Fwp%2Fv2%2Fproduct_cat&post=3101"},{"taxonomy":"product_tag","embeddable":true,"href":"https:\/\/sunra-oficial.com\/index.php?rest_route=%2Fwp%2Fv2%2Fproduct_tag&post=3101"}],"curies":[{"name":"wp","href":"https:\/\/api.w.org\/{rel}","templated":true}]}}