{"id":3120,"date":"2020-04-30T16:38:39","date_gmt":"2020-04-30T14:38:39","guid":{"rendered":"https:\/\/sunra-oficial.com\/?post_type=product&#038;p=3120"},"modified":"2023-04-20T09:23:59","modified_gmt":"2023-04-20T07:23:59","slug":"casco-moto-jet-sunra-rojo","status":"publish","type":"product","link":"https:\/\/sunra-oficial.com\/?product=casco-moto-jet-sunra-rojo","title":{"rendered":"Casco Moto Jet Sunra Rojo"},"content":{"rendered":"<p><strong>Casco Moto Jet Sunra Rojo<\/strong> El <strong>Casco Moto Jet Sunra Rojo <\/strong>es sin\u00f3nimo de comodidad, seguridad y estilo. Este casco destaca por tener una visera solar integrada abatible con un gran \u00e1ngulo de visi\u00f3n. Todas estas caracter\u00edsticas hacen de este casco un sistema completo sobresaliente, que es adecuado incluso para los motociclistas m\u00e1s exigentes alejando la cara del viento al conducir. El casco de termopl\u00e1stico est\u00e1 dise\u00f1ado para absorber los golpes de posibles accidentes, garantizando su comodidad en su interior lateral extra\u00edble y lavable de material antibacteriano. Combina un estilo moderno, pr\u00e1ctico y compacto. Ligero y perfecto tanto para ciudad como para largos recorridos con tu moto!<\/p>\n<p>&nbsp;<\/p>\n<p><img decoding=\"async\" data-src=\"https:\/\/i.ibb.co\/F0XwPXG\/IMG-5752.jpg\" alt=\"IMG-5752\" border=\"0\" title=\"\" src=\"data:image\/svg+xml;base64,PHN2ZyB3aWR0aD0iMSIgaGVpZ2h0PSIxIiB4bWxucz0iaHR0cDovL3d3dy53My5vcmcvMjAwMC9zdmciPjwvc3ZnPg==\" class=\"lazyload\"><\/p>\n<p>&nbsp;<\/p>\n<p><strong>Caracter\u00edsticas:<\/strong><\/p>\n<ul>\n<li>Casco ideal para j\u00f3venes y adultos<\/li>\n<li>Peso:1050+\/-50g<\/li>\n<li>Material de la cubierta exterior: Resina termopl\u00e1stica.<\/li>\n<li>Forro agradable, antialerg\u00e9nico y perforado para una mejor ventilaci\u00f3n<\/li>\n<li>Pulsadores preformados para signos y visores<\/li>\n<li>Cierre micro (cierre de clic)<\/li>\n<li>Visera solar Integrada y abatible<\/li>\n<\/ul>\n<p><img decoding=\"async\" data-src=\"https:\/\/i.ibb.co\/7C8jDx6\/talla-casco-descrip.png\" alt=\"talla-casco-descrip\" border=\"0\" title=\"\" src=\"data:image\/svg+xml;base64,PHN2ZyB3aWR0aD0iMSIgaGVpZ2h0PSIxIiB4bWxucz0iaHR0cDovL3d3dy53My5vcmcvMjAwMC9zdmciPjwvc3ZnPg==\" class=\"lazyload\"><\/p>\n<p>&nbsp;<\/p>\n<p><strong>Especificaciones<\/strong><\/p>\n<ul>\n<li>Calota de resina termopl\u00e1stica que dota a las almohadillas del casco propiedades de seguridad<\/li>\n<li>Forro antialerg\u00e9nico y perforado<\/li>\n<li>Cheekpads Almohadas laterales extra\u00edbles y lavables<\/li>\n<li>Barbiquejo con hebilla de cierre con ajuste milim\u00e9trico<\/li>\n<li>Sistema de retenci\u00f3n micr\u00f3metro.<\/li>\n<li>Barniz resistente a los UV<\/li>\n<li>Visera Solar plegable integrada<\/li>\n<\/ul>\n<p><strong>ECE 22.05 NOTA IMPORTANTE <\/strong>Este casco ha sido construido, probado y aprobado de acuerdo con las regulaciones europeas ECE \/ ONU R22.05. El casco est\u00e1 autorizado para circular en toda Europa. Por su seguridad, compre y use unicamente cascos 100% homologados como este.<\/p>\n<p><iframe data-src=\"https:\/\/www.youtube.com\/embed\/KwDoV4Yw4mY\" width=\"560\" height=\"315\" frameborder=\"0\" allowfullscreen=\"allowfullscreen\" src=\"data:image\/svg+xml;base64,PHN2ZyB3aWR0aD0iMSIgaGVpZ2h0PSIxIiB4bWxucz0iaHR0cDovL3d3dy53My5vcmcvMjAwMC9zdmciPjwvc3ZnPg==\" class=\"lazyload\" data-load-mode=\"1\"><\/iframe><\/p>\n<p><strong>Garant\u00eda:<\/strong> 2 a\u00f1os<\/p>\n","protected":false},"excerpt":{"rendered":"<p>Casco Moto Jet Sunra Rojo El Casco Moto Jet Sunra Rojo es sin\u00f3nimo de comodidad, seguridad y estilo. Este casco destaca por tener una visera solar integrada abatible con un gran \u00e1ngulo de visi\u00f3n. Todas estas caracter\u00edsticas hacen de este casco un sistema completo sobresaliente, que es adecuado incluso para los motociclistas m\u00e1s exigentes alejando [&#8230;]\n","protected":false},"featured_media":3124,"comment_status":"open","ping_status":"closed","template":"","meta":[],"product_cat":[87],"product_tag":[89],"class_list":{"0":"post-3120","1":"product","2":"type-product","3":"status-publish","4":"has-post-thumbnail","6":"product_cat-accesorios","7":"product_tag-casco","9":"first","10":"instock","11":"taxable","12":"shipping-taxable","13":"purchasable","14":"product-type-variable"},"_links":{"self":[{"href":"https:\/\/sunra-oficial.com\/index.php?rest_route=\/wp\/v2\/product\/3120","targetHints":{"allow":["GET"]}}],"collection":[{"href":"https:\/\/sunra-oficial.com\/index.php?rest_route=\/wp\/v2\/product"}],"about":[{"href":"https:\/\/sunra-oficial.com\/index.php?rest_route=\/wp\/v2\/types\/product"}],"replies":[{"embeddable":true,"href":"https:\/\/sunra-oficial.com\/index.php?rest_route=%2Fwp%2Fv2%2Fcomments&post=3120"}],"wp:featuredmedia":[{"embeddable":true,"href":"https:\/\/sunra-oficial.com\/index.php?rest_route=\/wp\/v2\/media\/3124"}],"wp:attachment":[{"href":"https:\/\/sunra-oficial.com\/index.php?rest_route=%2Fwp%2Fv2%2Fmedia&parent=3120"}],"wp:term":[{"taxonomy":"product_cat","embeddable":true,"href":"https:\/\/sunra-oficial.com\/index.php?rest_route=%2Fwp%2Fv2%2Fproduct_cat&post=3120"},{"taxonomy":"product_tag","embeddable":true,"href":"https:\/\/sunra-oficial.com\/index.php?rest_route=%2Fwp%2Fv2%2Fproduct_tag&post=3120"}],"curies":[{"name":"wp","href":"https:\/\/api.w.org\/{rel}","templated":true}]}}