{"id":3317,"date":"2020-05-20T16:28:24","date_gmt":"2020-05-20T14:28:24","guid":{"rendered":"https:\/\/sunra-oficial.com\/?post_type=product&#038;p=3317"},"modified":"2023-06-08T13:10:16","modified_gmt":"2023-06-08T11:10:16","slug":"guantes-tactiles-antideslizantes-moto-naranja-talla-l","status":"publish","type":"product","link":"https:\/\/sunra-oficial.com\/?product=guantes-tactiles-antideslizantes-moto-naranja-talla-l","title":{"rendered":"Guantes T\u00e1ctiles Antideslizantes Moto Naranja Talla L"},"content":{"rendered":"<p><strong>Guantes T\u00e1ctiles Antideslizantes Moto Naranja Talla L<\/strong><\/p>\n<p>\u00bfBuscas los guantes perfectos para tu Moto, Scooter o Bici? Los has encontrado Los Guantes T\u00e1ctiles Antideslizantes Moto Naranja Talla L son ideales para ti.<\/p>\n<p>Estos guantes son resistente al desgaste, disponen carcasa protectoras con espuma de absorci\u00f3n de impactos, con los que se evitar\u00e1n rasgu\u00f1os ante una posible ca\u00edda.\u00a0 Adem\u00e1s de la gran seguridad que ofrecen, son suaves y c\u00f3modos con los que podr\u00e1s realizar grandes trayectos.<\/p>\n<p>Dispone de un dise\u00f1o de pantalla t\u00e1ctil sensible al dedo \u00edndice con los que puedes usar tus dispositivos electr\u00f3nicos sin tener que quitarte los guantes<\/p>\n<p>&nbsp;<\/p>\n<p><strong>Caracter\u00edsticas: <\/strong><\/p>\n<ul>\n<li>Guantes para J\u00f3venes y adultos<\/li>\n<\/ul>\n<ul>\n<li>Talla L<\/li>\n<\/ul>\n<ul>\n<li>Medidas: 8.5-9 cm<\/li>\n<\/ul>\n<ul>\n<li>Peso:170g<\/li>\n<\/ul>\n<ul>\n<li>Color: Naranja<\/li>\n<\/ul>\n<ul>\n<li>Tejido con Malla transpirable<\/li>\n<\/ul>\n<ul>\n<li>Material Poli\u00e9ster y Nylon<\/li>\n<\/ul>\n<ul>\n<li>Tejido Antideslizante con absorci\u00f3n de humedad<\/li>\n<\/ul>\n<p><img decoding=\"async\" data-src=\"https:\/\/i.ibb.co\/9g7qxgj\/talla-casco-descrip.jpg\" alt=\"talla-casco-descrip\" border=\"0\" title=\"\" src=\"data:image\/svg+xml;base64,PHN2ZyB3aWR0aD0iMSIgaGVpZ2h0PSIxIiB4bWxucz0iaHR0cDovL3d3dy53My5vcmcvMjAwMC9zdmciPjwvc3ZnPg==\" class=\"lazyload\"><\/p>\n<p><strong>Especificaciones<\/strong><\/p>\n<p>&nbsp;<\/p>\n<ul>\n<li>Dise\u00f1o de pantalla t\u00e1ctil sensible al dedo \u00edndice<\/li>\n<\/ul>\n<ul>\n<li>Protecci\u00f3n lateral contra ca\u00eddas<\/li>\n<\/ul>\n<ul>\n<li>Carcasa frontal protectora<\/li>\n<\/ul>\n<ul>\n<li>Funda protectora nudillos<\/li>\n<\/ul>\n<ul>\n<li>Resistente al desgaste y transpirable y suave<\/li>\n<\/ul>\n<ul>\n<li>Goma protectora delantera<\/li>\n<\/ul>\n<ul>\n<li>Adecuado para : Primavera, verano y oto\u00f1o<\/li>\n<\/ul>\n<p><strong>Contenido<\/strong><\/p>\n<p>1x Guantes T\u00e1ctiles Antideslizantes Moto Naranja Talla L<\/p>\n<p><strong>Garant\u00eda:<\/strong><\/p>\n<p>2 a\u00f1os<\/p>\n<p>&nbsp;<\/p>\n","protected":false},"excerpt":{"rendered":"<p>Guantes T\u00e1ctiles Antideslizantes Moto Naranja Talla L \u00bfBuscas los guantes perfectos para tu Moto, Scooter o Bici? Los has encontrado Los Guantes T\u00e1ctiles Antideslizantes Moto Naranja Talla L son ideales para ti. Estos guantes son resistente al desgaste, disponen carcasa protectoras con espuma de absorci\u00f3n de impactos, con los que se evitar\u00e1n rasgu\u00f1os ante una [&#8230;]\n","protected":false},"featured_media":3310,"comment_status":"open","ping_status":"closed","template":"","meta":[],"product_cat":[87,348],"product_tag":[95],"class_list":{"0":"post-3317","1":"product","2":"type-product","3":"status-publish","4":"has-post-thumbnail","6":"product_cat-accesorios","7":"product_cat-seguridad-y-proteccion","8":"product_tag-guantes","10":"first","11":"instock","12":"taxable","13":"shipping-taxable","14":"purchasable","15":"product-type-simple"},"_links":{"self":[{"href":"https:\/\/sunra-oficial.com\/index.php?rest_route=\/wp\/v2\/product\/3317","targetHints":{"allow":["GET"]}}],"collection":[{"href":"https:\/\/sunra-oficial.com\/index.php?rest_route=\/wp\/v2\/product"}],"about":[{"href":"https:\/\/sunra-oficial.com\/index.php?rest_route=\/wp\/v2\/types\/product"}],"replies":[{"embeddable":true,"href":"https:\/\/sunra-oficial.com\/index.php?rest_route=%2Fwp%2Fv2%2Fcomments&post=3317"}],"wp:featuredmedia":[{"embeddable":true,"href":"https:\/\/sunra-oficial.com\/index.php?rest_route=\/wp\/v2\/media\/3310"}],"wp:attachment":[{"href":"https:\/\/sunra-oficial.com\/index.php?rest_route=%2Fwp%2Fv2%2Fmedia&parent=3317"}],"wp:term":[{"taxonomy":"product_cat","embeddable":true,"href":"https:\/\/sunra-oficial.com\/index.php?rest_route=%2Fwp%2Fv2%2Fproduct_cat&post=3317"},{"taxonomy":"product_tag","embeddable":true,"href":"https:\/\/sunra-oficial.com\/index.php?rest_route=%2Fwp%2Fv2%2Fproduct_tag&post=3317"}],"curies":[{"name":"wp","href":"https:\/\/api.w.org\/{rel}","templated":true}]}}