{"id":3721,"date":"2020-11-10T11:54:20","date_gmt":"2020-11-10T10:54:20","guid":{"rendered":"https:\/\/sunra-oficial.com\/?post_type=product&#038;p=3721"},"modified":"2023-03-31T12:44:31","modified_gmt":"2023-03-31T10:44:31","slug":"sunra-rs-delivery-3000w-40ah-blanca-125e-doble-bateria","status":"publish","type":"product","link":"https:\/\/sunra-oficial.com\/?product=sunra-rs-delivery-3000w-40ah-blanca-125e-doble-bateria","title":{"rendered":"SUNRA RS Delivery 3000W\/40AH Blanco 125e (Doble Bater\u00eda)"},"content":{"rendered":"<p><strong>SUNRA RS Delivery 3000W\/40AH Blanco 125e (Doble Bater\u00eda)<\/strong><\/p>\n<p><strong>\u00a1Con Nuevo Soporte Abatible! Hazte hoy mismo con tu Nueva Motocicleta RS Delivery \u00a1Unidades Limitadas!<\/strong><\/p>\n<p>Conoce la nueva\u00a0<strong>moto el\u00e9ctrica RS Delivery 125e \u00a0<\/strong>con Motor 3000W de 40Ah, perfecta para negocios de reparto, util\u00edzala donde quieras por carretera, ciudad y zonas destinadas a veh\u00edculos de motor. Olv\u00eddese de las aver\u00edas de arranque, de la gasolina y del complejo mantenimiento de un veh\u00edculo de combustible. Con este veh\u00edculo L3, equivalente a 125e puedes circular por todas las carreteras, autopistas y autov\u00edas de Europa. Nada de gasolina, filtros ni reparaciones complejas. Recargue su RS Delivery en su hogar, trabajo, oficinas, etc. \u00a1Las posibilidades son ilimitadas! \u00a1Y disfrute de la velocidad!<\/p>\n<p>Nuevo Soporte Abatible &#8211; Consulte las caracter\u00edsticas t\u00e9cnicas <a href=\"https:\/\/www.gran-scooter.com\/repuestos-repuestos-rs-soporte-abatible-baul-rs-v2-baul-grande-p-1923.html\" target=\"_blank\" rel=\"noopener\">AQU\u00cd<\/a><\/p>\n<p><iframe data-src=\"https:\/\/www.youtube.com\/embed\/yzU74_ezMnQ\" width=\"560\" height=\"315\" frameborder=\"0\" allowfullscreen=\"allowfullscreen\" src=\"data:image\/svg+xml;base64,PHN2ZyB3aWR0aD0iMSIgaGVpZ2h0PSIxIiB4bWxucz0iaHR0cDovL3d3dy53My5vcmcvMjAwMC9zdmciPjwvc3ZnPg==\" class=\"lazyload\" data-load-mode=\"1\"><\/iframe><\/p>\n<p>RS Delivery es la nueva versi\u00f3n del modelo RS , que incorpora un amplio ba\u00fal trasero con soporte. Esta\u00a0moto el\u00e9ctrica est\u00e1 desarrollada por el\u00a0fabricante de veh\u00edculos el\u00e9ctricos Sunra, es el fabricante n\u00ba1 en China en producci\u00f3n de Scooters de Calidad durante los \u00faltimos 11 a\u00f1os, vendiendo sus scooters en m\u00e1s de 70 pa\u00edses, con una capacidad de producci\u00f3n de 4 millones de scooters el\u00e9ctricos por a\u00f1o. Esta especialmente pensada para negocios de transporte o reparto de comidas.<\/p>\n<h3><\/h3>\n<p><a href=\"https:\/\/ibb.co\/0sdmx4P\" target=\"_blank\" rel=\"noopener\"><img decoding=\"async\" data-src=\"https:\/\/i.ibb.co\/hYtLSQp\/robo-s-delivery-banner-principal.jpg\" alt=\"robo-s-delivery-banner-principal\" border=\"0\" title=\"\" src=\"data:image\/svg+xml;base64,PHN2ZyB3aWR0aD0iMSIgaGVpZ2h0PSIxIiB4bWxucz0iaHR0cDovL3d3dy53My5vcmcvMjAwMC9zdmciPjwvc3ZnPg==\" class=\"lazyload\"><\/a><\/p>\n<p><img decoding=\"async\" data-src=\"https:\/\/i.ibb.co\/PwDLH9q\/robo-s-delivery-banner-principal-lateral-2.jpg\" alt=\"robo-s-delivery-banner-principal-lateral-2\" border=\"0\" title=\"\" src=\"data:image\/svg+xml;base64,PHN2ZyB3aWR0aD0iMSIgaGVpZ2h0PSIxIiB4bWxucz0iaHR0cDovL3d3dy53My5vcmcvMjAwMC9zdmciPjwvc3ZnPg==\" class=\"lazyload\"><\/p>\n<p>&nbsp;<\/p>\n<p>Est\u00e1 equipada con un\u00a0<strong>motor el\u00e9ctrico 3000W Brushless<\/strong>\u00a0ubicado en la rueda trasera<strong>.\u00a0<\/strong>Este motor ofrece la m\u00e1xima potencia, no lleva escobillas. Permite un menor desgaste de sus materiales al no producir rozamientos, su consumo es m\u00e1s bajo (un 40% menos respecto a otros motores) Adem\u00e1s de un mayor ahorro y vida \u00fatil en la moto.<\/p>\n<p><img decoding=\"async\" data-src=\"https:\/\/i.ibb.co\/J78vDbR\/r5-15-1.png\" alt=\"r5-15-1\" border=\"0\" title=\"\" src=\"data:image\/svg+xml;base64,PHN2ZyB3aWR0aD0iMSIgaGVpZ2h0PSIxIiB4bWxucz0iaHR0cDovL3d3dy53My5vcmcvMjAwMC9zdmciPjwvc3ZnPg==\" class=\"lazyload\"><\/p>\n<p>&nbsp;<\/p>\n<p>RS Delivery cuenta con arranque de lector de huella dactilar que adem\u00e1s de c\u00f3modo este sistema aporta una mayor seguridad en la moto. Registra tantas huellas como desees con la App de SUNRA con la que tendr\u00e1s un control total de tu motocicleta. Tambi\u00e9n tiene USB 5V para cargar el m\u00f3vil, adem\u00e1s de un compartimento delantero y un colgador para sus pertenencias, proporcionando al conductor nuevas experiencias junto con la m\u00e1xima seguridad.<\/p>\n<p><img decoding=\"async\" data-src=\"https:\/\/i.ibb.co\/L5pS2fg\/tactil-robo.jpg\" alt=\"tactil-robo\" border=\"0\" title=\"\" src=\"data:image\/svg+xml;base64,PHN2ZyB3aWR0aD0iMSIgaGVpZ2h0PSIxIiB4bWxucz0iaHR0cDovL3d3dy53My5vcmcvMjAwMC9zdmciPjwvc3ZnPg==\" class=\"lazyload\"><\/p>\n<p>Dispone de un marcador totalmente digital que le permite conocer los kil\u00f3metros recorridos, la hora y el nivel de bater\u00eda.<\/p>\n<p><img decoding=\"async\" data-src=\"https:\/\/i.ibb.co\/Kxxv9Wt\/DSC-4069.jpg\" alt=\"DSC-4069\" border=\"0\" title=\"\" src=\"data:image\/svg+xml;base64,PHN2ZyB3aWR0aD0iMSIgaGVpZ2h0PSIxIiB4bWxucz0iaHR0cDovL3d3dy53My5vcmcvMjAwMC9zdmciPjwvc3ZnPg==\" class=\"lazyload\"><\/p>\n<p>RS Delivery est\u00e1 equipado con un sistema de luces LED que le permite divisar un mayor \u00e1ngulo de visi\u00f3n en el camino sobre todo por la noche sin que pueda existir ning\u00fan peligro en la carretera. Con f\u00e1cil manejo de luces largas, cortas y de emergencia.<\/p>\n<p><img decoding=\"async\" data-src=\"https:\/\/i.ibb.co\/Df1KVvs\/r5-11.jpg\" alt=\"r5-11\" border=\"0\" title=\"\" src=\"data:image\/svg+xml;base64,PHN2ZyB3aWR0aD0iMSIgaGVpZ2h0PSIxIiB4bWxucz0iaHR0cDovL3d3dy53My5vcmcvMjAwMC9zdmciPjwvc3ZnPg==\" class=\"lazyload\"><\/p>\n<p>RS Delivery cuenta con un sistema de 3 velocidades y marcha atr\u00e1s con el que podr\u00e1s disfrutar de una conducci\u00f3n ideal. Adem\u00e1s, dispone de un bot\u00f3n de estacionamiento el cual bloquea al veh\u00edculo para una mayor seguridad.<\/p>\n<p><img decoding=\"async\" data-src=\"https:\/\/i.ibb.co\/Q8P3KhN\/robo-3-velocidades-parking.jpg\" alt=\"robo-3-velocidades-parking\" border=\"0\" title=\"\" src=\"data:image\/svg+xml;base64,PHN2ZyB3aWR0aD0iMSIgaGVpZ2h0PSIxIiB4bWxucz0iaHR0cDovL3d3dy53My5vcmcvMjAwMC9zdmciPjwvc3ZnPg==\" class=\"lazyload\"><\/p>\n<p>RS Delivery est\u00e1 equipada de dos bater\u00edas de litio de 72V\/20Ah. Este tipo de bater\u00eda tiene una alta calidad con la que poder superar la velocidad m\u00e1xima y un tama\u00f1o \u00f3ptimo que le permite que sea f\u00e1cil de transportar. Carga tu RS Delivery donde quieras en el trabajo, en tu casa de forma f\u00e1cil y r\u00e1pida. El tiempo de carga es de tan solo 4 horas, despu\u00e9s del cual disfrutar\u00e1s totalmente de tu moto sin interrupciones. Cada bater\u00eda tiene una vida \u00fatil de 1000 ciclos de carga para una larga conducci\u00f3n.<\/p>\n<p><strong>La motocicleta el\u00e9ctrica RS Delivery <\/strong> dispone de un sistema combinado de frenos en ruedas delanteras y traseras, amortiguadores frontales y traseros para una conducci\u00f3n m\u00e1s estable y flexible en caminos m\u00e1s movedizos.<\/p>\n<p><img decoding=\"async\" data-src=\"https:\/\/i.ibb.co\/z4st5gJ\/freno-robo.png\" alt=\"freno-robo\" border=\"0\" title=\"\" src=\"data:image\/svg+xml;base64,PHN2ZyB3aWR0aD0iMSIgaGVpZ2h0PSIxIiB4bWxucz0iaHR0cDovL3d3dy53My5vcmcvMjAwMC9zdmciPjwvc3ZnPg==\" class=\"lazyload\"><\/p>\n<p>RS Delivery tiene una velocidad m\u00e1xima de 80 km\/hora con la que tendr\u00e1s una autonom\u00eda de 130 kil\u00f3metros para poder disfrutar al m\u00e1ximo tu motocicleta.<\/p>\n<p>Adem\u00e1s nuestra RS Delivery es totalmente resistente al agua. Conduzca sin temores a las condiciones meteorol\u00f3gicas. Sus componentes est\u00e1n dise\u00f1ados para poder resistir la lluvia y el viento, siendo testados cada uno de ellos.<\/p>\n<p>Guarda todo lo que necesites en tu RS Delivery, tienes la opci\u00f3n de elegir entre sus dos ba\u00fales.<\/p>\n<p><img decoding=\"async\" data-src=\"https:\/\/i.ibb.co\/GsgxcSp\/banner-elige-tu-baul-actualizado.jpg\" alt=\"banner-elige-tu-baul-actualizado\" border=\"0\" title=\"\" src=\"data:image\/svg+xml;base64,PHN2ZyB3aWR0aD0iMSIgaGVpZ2h0PSIxIiB4bWxucz0iaHR0cDovL3d3dy53My5vcmcvMjAwMC9zdmciPjwvc3ZnPg==\" class=\"lazyload\"><\/p>\n<p>&nbsp;<\/p>\n<p><strong>Control Remoto mediante la App SUNRA<\/strong><\/p>\n<p>En la llave de tu RS Delivery podr\u00e1s encontrar una etiqueta con el c\u00f3digo QR para Android y otro para iOS que te vincular\u00e1 a la App de SUNRA con la que tendr\u00e1s el control de RS Delivery en tu Smartphone.<\/p>\n<p>&#8211; Bloquea y desbloquea la alarma.<\/p>\n<p>&#8211; Apagar y encender tu motocicleta.<\/p>\n<p>&#8211; Abre y cierra el maletero a distancia.<\/p>\n<p>&#8211; Accionar el bot\u00f3n Mute, que silencia el veh\u00edculo.<\/p>\n<p>&#8211; Configuraci\u00f3n de huella dactilar, para que a\u00f1adas tantas como quieras.<\/p>\n<p>&#8211; Realizar un chequeo del estado del veh\u00edculo.<\/p>\n<p>&#8211; Comprobar la presi\u00f3n de los neum\u00e1ticos.<\/p>\n<p>&#8211; Registrar nuevas llaves f\u00edsicas o llaves de Bluetooth.<\/p>\n<p>&#8211; Sensor de proximidad de accesorios Bluetooth, donde t\u00fa decides las distancia de vinculaci\u00f3n.<\/p>\n<p><strong>Puedes descargar la App a trav\u00e9s de los siguientes enlaces:<\/strong><\/p>\n<p><a href=\"https:\/\/play.google.com\/store\/apps\/details?id=com.comtime.smartxrznyslite&amp;hl=es_419\" target=\"_blank\" rel=\"noopener\">Android<\/a><\/p>\n<p><a href=\"https:\/\/apps.apple.com\/es\/app\/sunra\/id1493246065\" target=\"_blank\" rel=\"noopener\">IOS<\/a><\/p>\n<p><strong>****IMPORTANTE<\/strong>: Sunra Espa\u00f1a Distribuye Producto Oficial, homologado para circular por carreteras, y con certificado del Ministerio de Industria. Con total garant\u00eda en el producto, piezas y repuestos. Desgraciadamente, existe el mercado productos paralelos que NO SE PUEDEN MATRICULAR, con caracter\u00edsticas no aprobadas por el ministerio de Industria, y que no tienen acceso a la garant\u00eda oficial ni a los repuestos. Compre con inteligencia.<\/p>\n<p>&nbsp;<\/p>\n<p><img decoding=\"async\" data-src=\"https:\/\/i.ibb.co\/CtY7mGV\/robo-s-delivery-negra-banner.jpg\" alt=\"robo-s-delivery-negra-banner\" border=\"0\" title=\"\" src=\"data:image\/svg+xml;base64,PHN2ZyB3aWR0aD0iMSIgaGVpZ2h0PSIxIiB4bWxucz0iaHR0cDovL3d3dy53My5vcmcvMjAwMC9zdmciPjwvc3ZnPg==\" class=\"lazyload\"><\/p>\n<p><strong>* ADVERTENCIA:<\/strong><\/p>\n<p>Antes de su uso, lea completamente el manual de usuario, advertencias de seguridad, mantenimiento, inspecci\u00f3n, uso de la bater\u00eda y conserve el manual con el que se acompa\u00f1a el producto para futuras referencias.<\/p>\n<p>El precio de este producto, incluye el transporte en la Pen\u00ednsula y el IVA nacional. El comprador deber\u00e1 asegurar la motocicleta mediante su compa\u00f1\u00eda aseguradora, cumplir las normas de circulaci\u00f3n y matricular su veh\u00edculo.<\/p>\n<p><strong>Tambi\u00e9n es necesario firmar un contrato de venta. Nuestro equipo se pondr\u00e1 en contacto con el comprador para enviarle dichos contratos y realizar el tr\u00e1mite.<\/strong><\/p>\n<h3><strong>Especificaciones:<\/strong><\/h3>\n<table border=\"0\" width=\"100%\" cellspacing=\"0\" cellpadding=\"0\">\n<tbody>\n<tr>\n<td align=\"left\" width=\"262\"><strong>Nombre de producto:<\/strong><\/td>\n<td colspan=\"1\" align=\"left\" width=\"718\"><strong>SUNRA RS Delivery 3000W\/40AH Blanco 125E (Doble Bater\u00eda) <\/strong><\/td>\n<\/tr>\n<tr>\n<td align=\"left\"><strong>Energ\u00eda del motor:<\/strong><\/td>\n<td colspan=\"1\" align=\"left\">3000W Brushless Motor (equivalente a 125E)<\/td>\n<\/tr>\n<tr>\n<td align=\"left\"><strong>Controlador:<\/strong><\/td>\n<td align=\"left\">12mosfets<\/td>\n<\/tr>\n<tr>\n<td align=\"left\"><strong>Velocidad m\u00e1xima:<\/strong><\/td>\n<td align=\"left\">80 (km\/h)<\/td>\n<\/tr>\n<tr>\n<td align=\"left\"><strong>Tipos de bater\u00edas:<\/strong><\/td>\n<td align=\"left\">Bater\u00eda de litio<\/td>\n<\/tr>\n<tr>\n<td align=\"left\"><strong>Capacidad de la bater\u00eda:<\/strong><\/td>\n<td align=\"left\">20AH DE 72V + 20AH DE 72V (1,44 kWh x Bater\u00eda)<\/td>\n<\/tr>\n<tr>\n<td align=\"left\"><strong>Alcance m\u00e1ximo:<\/strong><\/td>\n<td align=\"left\">130 km. \/ 1 persona (75kg)<\/td>\n<\/tr>\n<tr>\n<td align=\"left\"><strong>Bater\u00eda tiempo de carga:<\/strong><\/td>\n<td colspan=\"1\" align=\"left\">4 horas cada una<\/td>\n<\/tr>\n<tr>\n<td align=\"left\"><strong>Vida de bater\u00eda:<\/strong><\/td>\n<td colspan=\"1\" align=\"left\">1000 ciclos de carga cada una<\/td>\n<\/tr>\n<tr>\n<td align=\"left\"><strong>Capacidad de subida:<\/strong><\/td>\n<td colspan=\"1\" align=\"left\">25% (2 personas, 140kg)<\/td>\n<\/tr>\n<tr>\n<td align=\"left\"><strong>Tipo de medidor:<\/strong><\/td>\n<td colspan=\"1\" align=\"left\">Digital<\/td>\n<\/tr>\n<tr>\n<td align=\"left\"><strong>Frenos (frontal\/trasero):<\/strong><\/td>\n<td colspan=\"1\" align=\"left\">Disco\/Disco<\/td>\n<\/tr>\n<tr>\n<td align=\"left\"><strong>Amortiguador (Frontal\/Trasero):<\/strong><\/td>\n<td colspan=\"1\" align=\"left\">Hidr\u00e1ulico \/ hidr\u00e1ulico<\/td>\n<\/tr>\n<tr>\n<td align=\"left\"><strong>Tama\u00f1o de neum\u00e1tico:<\/strong><\/td>\n<td colspan=\"1\" align=\"left\">110-70-12 sin c\u00e1mara<\/td>\n<\/tr>\n<tr>\n<td align=\"left\"><strong>Capacidad Max de carga:<\/strong><\/td>\n<td colspan=\"1\" align=\"left\">2 personas (180kg)<\/td>\n<\/tr>\n<tr>\n<td align=\"left\"><strong>Tipo de marco:<\/strong><\/td>\n<td colspan=\"1\" align=\"left\">Acero<\/td>\n<\/tr>\n<tr>\n<td align=\"left\"><strong>Peso neto:<\/strong><\/td>\n<td colspan=\"1\" align=\"left\">71 kg (sin bater\u00edas)<\/td>\n<\/tr>\n<tr>\n<td align=\"left\"><strong>Peso de la bater\u00eda:<\/strong><\/td>\n<td align=\"left\">9 kg cada una<\/td>\n<\/tr>\n<tr>\n<td align=\"left\"><strong>Incluye:<\/strong><\/td>\n<td colspan=\"1\" align=\"left\">1x USB de carga +3 velocidades + Marcha Atr\u00e1s+Bot\u00f3n de Estacionamiento + Arranque con Lector de Huella Dactilar + Soporte para ba\u00fal + 2 Juegos de llaves.<\/td>\n<\/tr>\n<tr>\n<td align=\"left\"><strong>Extras<\/strong><\/td>\n<td colspan=\"1\" align=\"left\">Ba\u00fal 90L \u00f3 Ba\u00fal 100L (consultar precio en el desplegable)<\/td>\n<\/tr>\n<tr>\n<td align=\"left\"><strong>Medidas<\/strong><\/td>\n<td colspan=\"1\" align=\"left\">1750\u00d7770\u00d71175mm<\/td>\n<\/tr>\n<tr>\n<td align=\"left\"><strong>Permiso de Circulaci\u00f3n<\/strong><\/td>\n<td colspan=\"1\" align=\"left\">A1,A2,A, B (3 a\u00f1os)<\/td>\n<\/tr>\n<\/tbody>\n<\/table>\n<p>&nbsp;<\/p>\n<p><strong>Motocicleta El\u00e9ctrica 0 Emisiones Homologado por la Direcci\u00f3n General de Tr\u00e1fico y Ministerio de Industria. Circulaci\u00f3n Legal 100&#215;100. <\/strong><\/p>\n<p><strong>ATENCI\u00d3N<\/strong>: Nuevo Soporte Abatible &#8211; Consulte las caracter\u00edsticas t\u00e9cnicas <a href=\"https:\/\/www.gran-scooter.com\/repuestos-repuestos-rs-soporte-abatible-baul-rs-v2-baul-grande-p-1923.html\" target=\"_blank\" rel=\"noopener\">AQU\u00cd Las fotograf\u00edas del producto pueden variar de la original<\/a><\/p>\n<p><img decoding=\"async\" data-src=\"https:\/\/i.ibb.co\/hKm0S3W\/tarjetaemisioneseco.jpg\" alt=\"tarjetaemisioneseco\" width=\"197\" height=\"142\" border=\"0\" title=\"\" src=\"data:image\/svg+xml;base64,PHN2ZyB3aWR0aD0iMSIgaGVpZ2h0PSIxIiB4bWxucz0iaHR0cDovL3d3dy53My5vcmcvMjAwMC9zdmciPjwvc3ZnPg==\" class=\"lazyload\" style=\"--smush-placeholder-width: 197px; --smush-placeholder-aspect-ratio: 197\/142;\"><\/p>\n<p>&nbsp;<\/p>\n<p>3 a\u00f1os en todos los componentes y partes del producto. Disponemos de todo tipo de repuestos, como bater\u00edas, motores, cubiertas, faros y pilotos, frenos, manetas, electr\u00f3nica.<\/p>\n<p><em>Las fechas indicadas de entrega son aproximadas y se pueden modificar por motivos de una pandemia o retrasos en transporte ocasionados por motivos ajenos a nuestra empresa.<\/em><\/p>\n<p><strong>\u00bfConoces las Ventajas del Veh\u00edculo El\u00e9ctrico?<\/strong><\/p>\n<p>Visita nuestro blog para conocer el ahorro<\/p>\n<p><a href=\"https:\/\/ibb.co\/WV5RWrt\" target=\"_blank\" rel=\"noopener\"><img decoding=\"async\" data-src=\"https:\/\/i.ibb.co\/Y0QV75Z\/tabla-comparativa.jpg\" alt=\"tabla-comparativa\" border=\"0\" title=\"\" src=\"data:image\/svg+xml;base64,PHN2ZyB3aWR0aD0iMSIgaGVpZ2h0PSIxIiB4bWxucz0iaHR0cDovL3d3dy53My5vcmcvMjAwMC9zdmciPjwvc3ZnPg==\" class=\"lazyload\"><\/a><\/p>\n<p><strong>Prueba Velocidad Motocicleta RS Con 2 Pasajeros<\/strong><\/p>\n<p><iframe data-src=\"https:\/\/www.youtube.com\/embed\/zb8F-J2sqtM\" width=\"560\" height=\"315\" frameborder=\"0\" allowfullscreen=\"allowfullscreen\" src=\"data:image\/svg+xml;base64,PHN2ZyB3aWR0aD0iMSIgaGVpZ2h0PSIxIiB4bWxucz0iaHR0cDovL3d3dy53My5vcmcvMjAwMC9zdmciPjwvc3ZnPg==\" class=\"lazyload\" data-load-mode=\"1\"><\/iframe><\/p>\n<p><strong>\u00bfC\u00f3mo montar tu nueva motocicleta el\u00e9ctrica?<\/strong><\/p>\n<p><iframe data-src=\"https:\/\/www.youtube.com\/embed\/ULp3Ow9tHSo\" width=\"560\" height=\"315\" frameborder=\"0\" allowfullscreen=\"allowfullscreen\" src=\"data:image\/svg+xml;base64,PHN2ZyB3aWR0aD0iMSIgaGVpZ2h0PSIxIiB4bWxucz0iaHR0cDovL3d3dy53My5vcmcvMjAwMC9zdmciPjwvc3ZnPg==\" class=\"lazyload\" data-load-mode=\"1\"><\/iframe><\/p>\n<p><strong>\u00bfQuieres saber c\u00f3mo es la f\u00e1brica de SUNRA?<\/strong><\/p>\n<p><iframe data-src=\"https:\/\/www.youtube.com\/embed\/_eoMa_8hUgk\" width=\"560\" height=\"315\" frameborder=\"0\" allowfullscreen=\"allowfullscreen\" src=\"data:image\/svg+xml;base64,PHN2ZyB3aWR0aD0iMSIgaGVpZ2h0PSIxIiB4bWxucz0iaHR0cDovL3d3dy53My5vcmcvMjAwMC9zdmciPjwvc3ZnPg==\" class=\"lazyload\" data-load-mode=\"1\"><\/iframe><\/p>\n","protected":false},"excerpt":{"rendered":"<ul>\n<li><strong>Motor 3000W Brushless<\/strong><\/li>\n<li><strong>2 Bater\u00eda Litio Extra\u00edble<\/strong><\/li>\n<li><strong>Hasta 130 Km de Autonom\u00eda<\/strong><\/li>\n<li><strong>Velocidad M\u00e1xima de 80km<\/strong><\/li>\n<li><strong>Ba\u00fal Trasero 90L \/ 100L (opcional)<\/strong><\/li>\n<li><strong>3 Velocidades<\/strong><\/li>\n<li><strong>Marcha Atr\u00e1s<\/strong><\/li>\n<li><strong>Bot\u00f3n Estacionamiento<\/strong><\/li>\n<li><strong>App Integrada para Control Remoto<\/strong><\/li>\n<li><strong>USB Carga<\/strong><\/li>\n<li><strong>Doble Asiento<\/strong><\/li>\n<\/ul>\n","protected":false},"featured_media":4086,"comment_status":"open","ping_status":"closed","template":"","meta":[],"product_cat":[109],"product_tag":[111,114,79,112,110,113],"class_list":{"0":"post-3721","1":"product","2":"type-product","3":"status-publish","4":"has-post-thumbnail","6":"product_cat-rs-delivery","7":"product_tag-moto","8":"product_tag-moto-125","9":"product_tag-moto-electrica","10":"product_tag-motocicleta-electrica","11":"product_tag-robo-s-delivery","12":"product_tag-sunra","14":"first","15":"instock","16":"taxable","17":"shipping-taxable","18":"purchasable","19":"product-type-simple"},"_links":{"self":[{"href":"https:\/\/sunra-oficial.com\/index.php?rest_route=\/wp\/v2\/product\/3721","targetHints":{"allow":["GET"]}}],"collection":[{"href":"https:\/\/sunra-oficial.com\/index.php?rest_route=\/wp\/v2\/product"}],"about":[{"href":"https:\/\/sunra-oficial.com\/index.php?rest_route=\/wp\/v2\/types\/product"}],"replies":[{"embeddable":true,"href":"https:\/\/sunra-oficial.com\/index.php?rest_route=%2Fwp%2Fv2%2Fcomments&post=3721"}],"wp:featuredmedia":[{"embeddable":true,"href":"https:\/\/sunra-oficial.com\/index.php?rest_route=\/wp\/v2\/media\/4086"}],"wp:attachment":[{"href":"https:\/\/sunra-oficial.com\/index.php?rest_route=%2Fwp%2Fv2%2Fmedia&parent=3721"}],"wp:term":[{"taxonomy":"product_cat","embeddable":true,"href":"https:\/\/sunra-oficial.com\/index.php?rest_route=%2Fwp%2Fv2%2Fproduct_cat&post=3721"},{"taxonomy":"product_tag","embeddable":true,"href":"https:\/\/sunra-oficial.com\/index.php?rest_route=%2Fwp%2Fv2%2Fproduct_tag&post=3721"}],"curies":[{"name":"wp","href":"https:\/\/api.w.org\/{rel}","templated":true}]}}