{"id":4646,"date":"2021-10-15T10:27:39","date_gmt":"2021-10-15T08:27:39","guid":{"rendered":"https:\/\/sunra-oficial.com\/?post_type=product&#038;p=4646"},"modified":"2024-03-17T15:53:59","modified_gmt":"2024-03-17T14:53:59","slug":"sunra-miku-super-3000w-40ah-negro-125e-doble-bateria","status":"publish","type":"product","link":"https:\/\/sunra-oficial.com\/?product=sunra-miku-super-3000w-40ah-negro-125e-doble-bateria","title":{"rendered":"SUNRA Miku Super 3000W\/40AH Negro 125E (Doble Bater\u00eda)"},"content":{"rendered":"<p><strong>SUNRA Miku Super 3000W\/40AH Negro 125e (Doble Bater\u00eda)<\/strong><\/p>\n<p>Descubre la nueva motocicleta el\u00e9ctrica de 125e Miku Super Matriculable 3000W\/40AH SUNRA. Prep\u00e1rate para un estilo de vida sobre dos ruedas, con este dise\u00f1o totalmente revolucionario. Olv\u00eddese de las aver\u00edas de arranque, de gasolina y del complejo mantenimiento de un veh\u00edculo de combustible. Con este veh\u00edculo L3, equivalente a 125e puedes circular carreteras, autopistas y autov\u00edas de Europa. Puede recargar su Miku Super donde quiera en el trabajo, en su casa \u00a1T\u00fa eliges tu camino y prep\u00e1rate para disfrutar!<\/p>\n<p style=\"text-align: center;\"><iframe data-src=\"https:\/\/www.youtube.com\/embed\/P-f9CrTOcpY\" width=\"560\" height=\"315\" frameborder=\"0\" allowfullscreen=\"allowfullscreen\" src=\"data:image\/svg+xml;base64,PHN2ZyB3aWR0aD0iMSIgaGVpZ2h0PSIxIiB4bWxucz0iaHR0cDovL3d3dy53My5vcmcvMjAwMC9zdmciPjwvc3ZnPg==\" class=\"lazyload\" data-load-mode=\"1\"><\/iframe><\/p>\n<p><img decoding=\"async\" style=\"display: block; margin-left: auto; margin-right: auto;\" data-src=\"https:\/\/i.ibb.co\/pK6wqPW\/DSC03038.jpg\" alt=\"DSC03038\" border=\"0\" title=\"\" src=\"data:image\/svg+xml;base64,PHN2ZyB3aWR0aD0iMSIgaGVpZ2h0PSIxIiB4bWxucz0iaHR0cDovL3d3dy53My5vcmcvMjAwMC9zdmciPjwvc3ZnPg==\" class=\"lazyload\"><\/p>\n<p>&nbsp;<\/p>\n<p>Miku Super es la nueva versi\u00f3n del modelo Miku Max con una potencia de 125e, desarrollada por el<strong> fabricante de veh\u00edculos el\u00e9ctricos Sunra<\/strong>, es el fabricante n\u00ba1 en China en producci\u00f3n de Scooters de Calidad durante los \u00faltimos 11 a\u00f1os, vendiendo sus scooters en m\u00e1s de 70 pa\u00edses, con una capacidad de producci\u00f3n de 4 millones de scooters el\u00e9ctricos por a\u00f1o. La sencillez y ligereza en la conducci\u00f3n de este modelo hacen que sea perfecta para moverte donde quieras.<\/p>\n<p>&nbsp;<\/p>\n<p><img decoding=\"async\" style=\"display: block; margin-left: auto; margin-right: auto;\" data-src=\"https:\/\/i.ibb.co\/ggJcX26\/DSC06405.jpg\" alt=\"DSC06405\" border=\"0\" title=\"\" src=\"data:image\/svg+xml;base64,PHN2ZyB3aWR0aD0iMSIgaGVpZ2h0PSIxIiB4bWxucz0iaHR0cDovL3d3dy53My5vcmcvMjAwMC9zdmciPjwvc3ZnPg==\" class=\"lazyload\"><\/p>\n<p>&nbsp;<\/p>\n<p>Est\u00e1 equipada con un\u00a0<strong>motor el\u00e9ctrico 3000W Brushless\u00a0<\/strong>ubicado en la rueda trasera<strong>.\u00a0<\/strong>Este motor ofrece la m\u00e1xima potencia, no lleva escobillas. Permite un menor desgaste de sus materiales al no producir rozamientos, su consumo es m\u00e1s bajo (un 40% menos respecto a otros motores) permite un mayor ahorro y una mayor vida \u00fatil en la moto.<\/p>\n<p>&nbsp;<\/p>\n<p><img decoding=\"async\" style=\"display: block; margin-left: auto; margin-right: auto;\" data-src=\"https:\/\/i.ibb.co\/VHj1sXQ\/miku-super-marcador-digital-3.jpg\" alt=\"miku-super-marcador-digital-3\" border=\"0\" title=\"\" src=\"data:image\/svg+xml;base64,PHN2ZyB3aWR0aD0iMSIgaGVpZ2h0PSIxIiB4bWxucz0iaHR0cDovL3d3dy53My5vcmcvMjAwMC9zdmciPjwvc3ZnPg==\" class=\"lazyload\"><\/p>\n<p>&nbsp;<\/p>\n<p>Esta motocicleta el\u00e9ctrica dispone de un marcador digital, con un sistema de energ\u00eda de doble n\u00facleo. Conoce los kil\u00f3metros recorridos, la hora y el nivel de bater\u00eda. Adem\u00e1s, incorpora 3 velocidades, bot\u00f3n de estacionamiento y marcha atr\u00e1s.<\/p>\n<p>Miku Super dispone de un moderno\u00a0puerto USB para cargar tu m\u00f3vil.<\/p>\n<p>&nbsp;<\/p>\n<p><img decoding=\"async\" style=\"display: block; margin-left: auto; margin-right: auto;\" data-src=\"https:\/\/i.ibb.co\/ZxPJs36\/amortiguadores-miku-super.jpg\" alt=\"amortiguadores-miku-super\" border=\"0\" title=\"\" src=\"data:image\/svg+xml;base64,PHN2ZyB3aWR0aD0iMSIgaGVpZ2h0PSIxIiB4bWxucz0iaHR0cDovL3d3dy53My5vcmcvMjAwMC9zdmciPjwvc3ZnPg==\" class=\"lazyload\"><\/p>\n<p>&nbsp;<\/p>\n<p>Esta motocicleta dispone de un sistema CBS avanzado que permite una frenada m\u00e1s segura en condiciones dificiles. <strong>La motocicleta el\u00e9ctrica Miku Super <\/strong> dispone de un sistema de frenos en ruedas delanteras y traseras, amortiguador hidr\u00e1ulico frontal y trasero para una conducci\u00f3n m\u00e1s estable y flexible en caminos m\u00e1s movedizos.<\/p>\n<p>&nbsp;<\/p>\n<p><img decoding=\"async\" style=\"display: block; margin-left: auto; margin-right: auto;\" data-src=\"https:\/\/i.ibb.co\/v32N2fG\/DSC02430.jpg\" alt=\"DSC02430\" border=\"0\" title=\"\" src=\"data:image\/svg+xml;base64,PHN2ZyB3aWR0aD0iMSIgaGVpZ2h0PSIxIiB4bWxucz0iaHR0cDovL3d3dy53My5vcmcvMjAwMC9zdmciPjwvc3ZnPg==\" class=\"lazyload\"><\/p>\n<p>Miku Super presenta un acabado perfecto en el dise\u00f1o frontal, con la iluminaci\u00f3n ic\u00f3nica de Miku Max pero mucho m\u00e1s brillante y con mayor eficiencia energ\u00e9tica.<\/p>\n<p><img decoding=\"async\" style=\"display: block; margin-left: auto; margin-right: auto;\" data-src=\"https:\/\/i.ibb.co\/NjFB4Hm\/s4.jpg\" alt=\"s4\" border=\"0\" title=\"\" src=\"data:image\/svg+xml;base64,PHN2ZyB3aWR0aD0iMSIgaGVpZ2h0PSIxIiB4bWxucz0iaHR0cDovL3d3dy53My5vcmcvMjAwMC9zdmciPjwvc3ZnPg==\" class=\"lazyload\"><\/p>\n<p>&nbsp;<\/p>\n<p>Guarda tus pertenencias en el interior de tu Miku Super, dispone de un compartimento interior para guardar lo que necesites.<br \/>\n<img decoding=\"async\" style=\"display: block; margin-left: auto; margin-right: auto;\" data-src=\"https:\/\/i.ibb.co\/Y3LMNpN\/baterias-miku-super.jpg\" alt=\"baterias-miku-super\" border=\"0\" title=\"\" src=\"data:image\/svg+xml;base64,PHN2ZyB3aWR0aD0iMSIgaGVpZ2h0PSIxIiB4bWxucz0iaHR0cDovL3d3dy53My5vcmcvMjAwMC9zdmciPjwvc3ZnPg==\" class=\"lazyload\"><\/p>\n<p>&nbsp;<\/p>\n<p>Miku Super est\u00e1 equipada con dos bater\u00edas de litio de 72V\/20AH de alto rendimiento, con este tipo de bater\u00eda podr\u00e1s alcanzar una autonom\u00eda m\u00e1xima de 130km. Adem\u00e1s, tienen un tama\u00f1o \u00f3ptimo que le permite que sea f\u00e1cil de transportar. Carga tu moto donde quieras en el trabajo, en tu casa de forma f\u00e1cil y r\u00e1pida. El tiempo de carga es de tan solo 4 o 5 horas, despu\u00e9s del cual disfrutar\u00e1s totalmente de tu moto sin interrupciones. Cada bater\u00eda tiene una vida \u00fatil de 1000 ciclos de carga para una larga conducci\u00f3n.<\/p>\n<p>Miku Super tiene una velocidad m\u00e1xima de 80 km\/hora con la que tendr\u00e1s una autonom\u00eda de 130 kil\u00f3metros para poder disfrutar al m\u00e1ximo tu motocicleta. Adem\u00e1s nuestra Miku Super es resistente al agua.<\/p>\n<p>Conduzca sin temores a las condiciones meteorol\u00f3gicas. Sus componentes est\u00e1n dise\u00f1ados para poder resistir la lluvia y el viento, siendo testados cada uno de ellos. Con un dise\u00f1o de acuerdo con el est\u00e1ndar de impermeabilidad de 320 mm.<\/p>\n<p><strong>Control Remoto mediante la app SUNRA<\/strong><\/p>\n<p>En la llave de tu Miku Super podr\u00e1s encontrar una etiqueta con el c\u00f3digo QR para android y otro para iOS que te vincular\u00e1 a la app de SUNRA con la que tendr\u00e1s el control de Miku Super en tu Smartphone.<\/p>\n<p>&#8211; Bloquea y desbloquea la alarma.<\/p>\n<p>&#8211; Apagar y encender tu motocicleta.<\/p>\n<p>&#8211; Abre y cierra el maletero a distancia.<\/p>\n<p>&#8211; Accionar el bot\u00f3n Mute, que silencia el veh\u00edculo.<\/p>\n<p>&#8211; Configuraci\u00f3n de huella dactilar, para que a\u00f1adas tantas como quieras.<\/p>\n<p>&#8211; Realizar un chequeo del estado del veh\u00edculo.<\/p>\n<p>&#8211; Comprobar la presi\u00f3n de los neum\u00e1ticos.<\/p>\n<p>&#8211; Registrar nuevas llaves f\u00edsicas o llaves de Bluetooth.<\/p>\n<p>&#8211; Sensor de proximidad de accesorios bluetooth, donde tu decides las distancia de vinculaci\u00f3n.<\/p>\n<p><strong>Puedes descargar la App a trav\u00e9s de los siguientes enlaces:<\/strong><\/p>\n<p><a href=\"https:\/\/play.google.com\/store\/apps\/details?id=com.comtime.smartxrznyslite&amp;hl=es_419\" target=\"_blank\" rel=\"noopener\">Android<\/a><\/p>\n<p><a href=\"https:\/\/apps.apple.com\/es\/app\/sunra\/id1493246065\" target=\"_blank\" rel=\"noopener\">IOS<\/a><\/p>\n<p>&nbsp;<\/p>\n<p><strong>****IMPORTANTE<\/strong>: Sunra Espa\u00f1a Distribuye Producto Oficial, homologado para circular por carreteras, y con certificado del Ministerio de Industria. Con total garant\u00eda en el producto, piezas y repuestos. Desgraciadamente, existe el mercado productos paralelos que NO SE PUEDEN MATRICULAR, con caracter\u00edsticas no aprobadas por el ministerio de Industria, y que no tienen acceso a la garant\u00eda oficial ni a los repuestos. Compre con inteligencia.<\/p>\n<p><img decoding=\"async\" style=\"display: block; margin-left: auto; margin-right: auto;\" data-src=\"https:\/\/i.ibb.co\/xznsc5Y\/montaje-miku-super-colores.jpg\" alt=\"montaje-miku-super-colores\" border=\"0\" title=\"\" src=\"data:image\/svg+xml;base64,PHN2ZyB3aWR0aD0iMSIgaGVpZ2h0PSIxIiB4bWxucz0iaHR0cDovL3d3dy53My5vcmcvMjAwMC9zdmciPjwvc3ZnPg==\" class=\"lazyload\"><\/p>\n<p><strong>* ADVERTENCIA:<\/strong><\/p>\n<p>Antes de su uso, lea completamente el manual de usuario, advertencias de seguridad, mantenimiento, inspecci\u00f3n, uso de la bater\u00eda y conserve el manual con el que se acompa\u00f1a el producto para futuras referencias.<\/p>\n<p>El precio de este producto, incluye el transporte en la Pen\u00ednsula y el IVA nacional. El comprador deber\u00e1 asegurar la motocicleta mediante su compa\u00f1\u00eda aseguradora, cumplir las normas de circulaci\u00f3n y matricular su veh\u00edculo.<\/p>\n<p><strong>Tambi\u00e9n es necesario firmar un contrato de venta. Nuestro equipo se pondr\u00e1 en contacto con el comprador para enviarle dichos contratos y realizar el tr\u00e1mite.<\/strong><\/p>\n<h3><strong>Especificaciones:<\/strong><\/h3>\n<table border=\"0\" width=\"100%\" cellspacing=\"0\" cellpadding=\"0\">\n<tbody>\n<tr style=\"height: 35px;\">\n<td style=\"height: 35px;\" align=\"left\" width=\"262\"><strong>Nombre de producto:<\/strong><\/td>\n<td style=\"height: 35px;\" colspan=\"1\" align=\"left\" width=\"718\"><strong>SUNRA Miku Super 3000W\/40AH Negro 125e (Doble Bater\u00eda)<\/strong><\/td>\n<\/tr>\n<tr style=\"height: 13px;\">\n<td style=\"height: 13px;\" align=\"left\"><strong>Energ\u00eda del motor:<\/strong><\/td>\n<td style=\"height: 13px;\" colspan=\"1\" align=\"left\">3000W Brushless Motor (equivalente a 125e)<\/td>\n<\/tr>\n<tr style=\"height: 13.7249px;\">\n<td style=\"height: 13.7249px;\" align=\"left\"><strong>Controlador:<\/strong><\/td>\n<td style=\"height: 13.7249px;\" align=\"left\">12mosfets<\/td>\n<\/tr>\n<tr style=\"height: 13px;\">\n<td style=\"height: 13px;\" align=\"left\"><strong>Velocidad m\u00e1xima:<\/strong><\/td>\n<td style=\"height: 13px;\" align=\"left\">80 (km\/h)<\/td>\n<\/tr>\n<tr style=\"height: 13px;\">\n<td style=\"height: 13px;\" align=\"left\"><strong>Tipos de bater\u00edas:<\/strong><\/td>\n<td style=\"height: 13px;\" align=\"left\">Bater\u00eda de litio<\/td>\n<\/tr>\n<tr style=\"height: 13px;\">\n<td style=\"height: 13px;\" align=\"left\"><strong>Capacidad de la bater\u00eda:<\/strong><\/td>\n<td style=\"height: 13px;\" align=\"left\">20AH DE 72V + 20AH DE 72V\u00a0(1,44 kWh x Bater\u00eda)<\/td>\n<\/tr>\n<tr style=\"height: 13px;\">\n<td style=\"height: 13px;\" align=\"left\"><strong>Alcance m\u00e1ximo:<\/strong><\/td>\n<td style=\"height: 13px;\" align=\"left\">130 km. \/ 1 persona (75kg)<\/td>\n<\/tr>\n<tr style=\"height: 13px;\">\n<td style=\"height: 13px;\" align=\"left\"><strong>Bater\u00eda tiempo de carga:<\/strong><\/td>\n<td style=\"height: 13px;\" colspan=\"1\" align=\"left\">4 a 5 horas cada una<\/td>\n<\/tr>\n<tr style=\"height: 13px;\">\n<td style=\"height: 13px;\" align=\"left\"><strong>Vida de bater\u00eda:<\/strong><\/td>\n<td style=\"height: 13px;\" colspan=\"1\" align=\"left\">1000 ciclos de carga cada una<\/td>\n<\/tr>\n<tr style=\"height: 13px;\">\n<td style=\"height: 13px;\" align=\"left\"><strong>Capacidad de subida:<\/strong><\/td>\n<td style=\"height: 13px;\" colspan=\"1\" align=\"left\">27% Inclinaci\u00f3n (Con 2 personas, 140 Kg aprox.)<\/td>\n<\/tr>\n<tr style=\"height: 13px;\">\n<td style=\"height: 13px;\" align=\"left\"><strong>Tipo de medidor:<\/strong><\/td>\n<td style=\"height: 13px;\" colspan=\"1\" align=\"left\">Digital<\/td>\n<\/tr>\n<tr style=\"height: 13px;\">\n<td style=\"height: 13px;\" align=\"left\"><strong>Frenos (frontal\/trasero):<\/strong><\/td>\n<td style=\"height: 13px;\" colspan=\"1\" align=\"left\">Disco\/Disco<\/td>\n<\/tr>\n<tr style=\"height: 13px;\">\n<td style=\"height: 13px;\" align=\"left\"><strong>Amortiguador (Frontal\/Trasero):<\/strong><\/td>\n<td style=\"height: 13px;\" colspan=\"1\" align=\"left\">Hidr\u00e1ulico \/ hidr\u00e1ulico<\/td>\n<\/tr>\n<tr style=\"height: 35px;\">\n<td style=\"height: 35px;\" align=\"left\"><strong>Tama\u00f1o de neum\u00e1tico:<\/strong><\/td>\n<td style=\"height: 35px;\" colspan=\"1\" align=\"left\">120-70-12 frontal (sin c\u00e1mara).120-70-12 Trasero(sin c\u00e1mara)<\/td>\n<\/tr>\n<tr style=\"height: 13px;\">\n<td style=\"height: 13px;\" align=\"left\"><strong>Capacidad Max de carga:<\/strong><\/td>\n<td style=\"height: 13px;\" colspan=\"1\" align=\"left\">2 Personas (m\u00e1x 180 Kg)<\/td>\n<\/tr>\n<tr style=\"height: 13px;\">\n<td style=\"height: 13px;\" align=\"left\"><strong>Tipo de marco:<\/strong><\/td>\n<td style=\"height: 13px;\" colspan=\"1\" align=\"left\">Acero<\/td>\n<\/tr>\n<tr style=\"height: 13px;\">\n<td style=\"height: 13px;\" align=\"left\"><strong>Peso neto:<\/strong><\/td>\n<td style=\"height: 13px;\" colspan=\"1\" align=\"left\">90kg (sin bater\u00edas)<\/td>\n<\/tr>\n<tr style=\"height: 13px;\">\n<td style=\"height: 13px;\" align=\"left\"><strong>Peso de la bater\u00eda:<\/strong><\/td>\n<td style=\"height: 13px;\" align=\"left\">20kg cada una<\/td>\n<\/tr>\n<tr style=\"height: 27px;\">\n<td style=\"height: 27px;\" align=\"left\"><strong>Incluye:<\/strong><\/td>\n<td style=\"height: 27px;\" colspan=\"1\" align=\"left\">Arranque con Lector de Huella Dactilar\u00a0+ USB Carga + App SUNRA + Marcha atr\u00e1s + Bot\u00f3n Estacionamiento +3 Velocidades<\/td>\n<\/tr>\n<tr style=\"height: 13px;\">\n<td style=\"height: 13px;\" align=\"left\"><strong>Medidas<\/strong><\/td>\n<td style=\"height: 13px;\" colspan=\"1\" align=\"left\">1850\u00d71040\u00d7745mm<\/td>\n<\/tr>\n<tr style=\"height: 30px;\">\n<td style=\"height: 30px;\" align=\"left\"><strong>Permiso de Circulaci\u00f3n<\/strong><\/td>\n<td style=\"height: 30px;\" align=\"left\">A1,A2,A, B (3 a\u00f1os)<\/td>\n<\/tr>\n<\/tbody>\n<\/table>\n<p>&nbsp;<\/p>\n<p><strong>Motocicleta El\u00e9ctrica 0 Emisiones Homologado por la Direcci\u00f3n General de Tr\u00e1fico y Ministerio de Industria. Circulaci\u00f3n Legal 100&#215;100. <\/strong><\/p>\n<p><img decoding=\"async\" data-src=\"https:\/\/i.ibb.co\/hKm0S3W\/tarjetaemisioneseco.jpg\" alt=\"tarjetaemisioneseco\" width=\"197\" height=\"142\" border=\"0\" title=\"\" src=\"data:image\/svg+xml;base64,PHN2ZyB3aWR0aD0iMSIgaGVpZ2h0PSIxIiB4bWxucz0iaHR0cDovL3d3dy53My5vcmcvMjAwMC9zdmciPjwvc3ZnPg==\" class=\"lazyload\" style=\"--smush-placeholder-width: 197px; --smush-placeholder-aspect-ratio: 197\/142;\"><\/p>\n<p>3 a\u00f1os en todos los componentes y partes del producto. Disponemos de todo tipo de repuestos, como bater\u00edas, motores, cubiertas, faros y pilotos, frenos, manetas, electr\u00f3nica.<\/p>\n<p><strong>\u00a0<\/strong><\/p>\n<p><strong>\u00bfConoces las Ventajas del Veh\u00edculo El\u00e9ctrico?<\/strong><\/p>\n<p>Visita nuestro blog para conocer el ahorro<\/p>\n<p><img decoding=\"async\" data-src=\"https:\/\/i.ibb.co\/Y0QV75Z\/tabla-comparativa.jpg\" alt=\"tabla-comparativa\" border=\"0\" title=\"\" src=\"data:image\/svg+xml;base64,PHN2ZyB3aWR0aD0iMSIgaGVpZ2h0PSIxIiB4bWxucz0iaHR0cDovL3d3dy53My5vcmcvMjAwMC9zdmciPjwvc3ZnPg==\" class=\"lazyload\"><\/p>\n<p><strong>\u00bfQuieres saber c\u00f3mo es la f\u00e1brica de SUNRA?<\/strong><\/p>\n<p><iframe data-src=\"https:\/\/www.youtube.com\/embed\/_eoMa_8hUgk\" width=\"560\" height=\"315\" frameborder=\"0\" allowfullscreen=\"allowfullscreen\" src=\"data:image\/svg+xml;base64,PHN2ZyB3aWR0aD0iMSIgaGVpZ2h0PSIxIiB4bWxucz0iaHR0cDovL3d3dy53My5vcmcvMjAwMC9zdmciPjwvc3ZnPg==\" class=\"lazyload\" data-load-mode=\"1\"><\/iframe><\/p>\n","protected":false},"excerpt":{"rendered":"<p>SUNRA Miku Super 3000W\/40AH Negro 125e (Doble Bater\u00eda) Descubre la nueva motocicleta el\u00e9ctrica de 125e Miku Super Matriculable 3000W\/40AH SUNRA. Prep\u00e1rate para un estilo de vida sobre dos ruedas, con este dise\u00f1o totalmente revolucionario. Olv\u00eddese de las aver\u00edas de arranque, de gasolina y del complejo mantenimiento de un veh\u00edculo de combustible. Con este veh\u00edculo L3, [&#8230;]\n","protected":false},"featured_media":4647,"comment_status":"open","ping_status":"closed","template":"","meta":[],"product_cat":[136],"product_tag":[],"class_list":{"0":"post-4646","1":"product","2":"type-product","3":"status-publish","4":"has-post-thumbnail","6":"product_cat-miku-super","8":"first","9":"outofstock","10":"taxable","11":"shipping-taxable","12":"purchasable","13":"product-type-simple"},"_links":{"self":[{"href":"https:\/\/sunra-oficial.com\/index.php?rest_route=\/wp\/v2\/product\/4646","targetHints":{"allow":["GET"]}}],"collection":[{"href":"https:\/\/sunra-oficial.com\/index.php?rest_route=\/wp\/v2\/product"}],"about":[{"href":"https:\/\/sunra-oficial.com\/index.php?rest_route=\/wp\/v2\/types\/product"}],"replies":[{"embeddable":true,"href":"https:\/\/sunra-oficial.com\/index.php?rest_route=%2Fwp%2Fv2%2Fcomments&post=4646"}],"wp:featuredmedia":[{"embeddable":true,"href":"https:\/\/sunra-oficial.com\/index.php?rest_route=\/wp\/v2\/media\/4647"}],"wp:attachment":[{"href":"https:\/\/sunra-oficial.com\/index.php?rest_route=%2Fwp%2Fv2%2Fmedia&parent=4646"}],"wp:term":[{"taxonomy":"product_cat","embeddable":true,"href":"https:\/\/sunra-oficial.com\/index.php?rest_route=%2Fwp%2Fv2%2Fproduct_cat&post=4646"},{"taxonomy":"product_tag","embeddable":true,"href":"https:\/\/sunra-oficial.com\/index.php?rest_route=%2Fwp%2Fv2%2Fproduct_tag&post=4646"}],"curies":[{"name":"wp","href":"https:\/\/api.w.org\/{rel}","templated":true}]}}