{"id":509,"date":"2018-11-23T14:09:45","date_gmt":"2018-11-23T13:09:45","guid":{"rendered":"https:\/\/sunra-oficial.com\/?post_type=product&#038;p=509"},"modified":"2024-03-17T00:40:59","modified_gmt":"2024-03-16T23:40:59","slug":"miku-max-matriculable-motor-bosch-20ah-naranja","status":"publish","type":"product","link":"https:\/\/sunra-oficial.com\/?product=miku-max-matriculable-motor-bosch-20ah-naranja","title":{"rendered":"Miku Max Edici\u00f3n Limitada 49e Motor BOSCH \/ 20Ah Naranja"},"content":{"rendered":"<h3>Miku Max Edici\u00f3n Limitada 49e Motor BOSCH \/ 20Ah Naranja<\/h3>\n<p>\u00a1Descubre la <strong>Edici\u00f3n Limitada<\/strong> de la Familia MIKU MAX! Con <strong>Pintura<\/strong> <strong>PREMIUM<\/strong>, dispone de acabados de color <strong>Naranja El\u00e9ctrico \u00danico<\/strong> y <strong>Exclusivo<\/strong>. <strong>\u00a1Unidades limitadas!<\/strong><\/p>\n<p>Si vieras la Scooter El\u00e9ctrica MIKU MAX\u00a0circulando por la calle, seguro que te dar\u00edas la vuelta para verlo con detenimiento porque es realmente una pasada. Y es que su original dise\u00f1o, llama poderosamente la atenci\u00f3n.<\/p>\n<p>Miku Max se trata de una <strong>moto el\u00e9ctrica<\/strong> desarrollada por el <strong>fabricante de veh\u00edculos el\u00e9ctricos chino Sunra<\/strong>, es el fabricante n\u00ba1 en China en producci\u00f3n de Scooters de Calidad durante los \u00faltimos 11 a\u00f1os, vendiendo sus scooters en m\u00e1s de 70 pa\u00edses, con una capacidad de producci\u00f3n de 4 millones de scooters el\u00e9ctricos por a\u00f1o&#8230;Est\u00e1 especialmente pensada para moverte por la ciudad de una manera c\u00f3moda y sostenible. Su estilismo har\u00e1 girar cuellos a su paso. \u00bfImaginabas que ser\u00eda posible un dise\u00f1o as\u00ed?<\/p>\n<p>Aqu\u00ed te la presentamos:<\/p>\n<p><iframe data-src=\"https:\/\/www.youtube.com\/embed\/RdzkvlI0X7E\" width=\"560\" height=\"315\" frameborder=\"0\" allowfullscreen=\"allowfullscreen\" src=\"data:image\/svg+xml;base64,PHN2ZyB3aWR0aD0iMSIgaGVpZ2h0PSIxIiB4bWxucz0iaHR0cDovL3d3dy53My5vcmcvMjAwMC9zdmciPjwvc3ZnPg==\" class=\"lazyload\" data-load-mode=\"1\"><\/iframe> <iframe data-src=\"https:\/\/www.youtube.com\/embed\/Bn3QCTlYgj0\" width=\"560\" height=\"315\" frameborder=\"0\" allowfullscreen=\"allowfullscreen\" src=\"data:image\/svg+xml;base64,PHN2ZyB3aWR0aD0iMSIgaGVpZ2h0PSIxIiB4bWxucz0iaHR0cDovL3d3dy53My5vcmcvMjAwMC9zdmciPjwvc3ZnPg==\" class=\"lazyload\" data-load-mode=\"1\"><\/iframe><\/p>\n<p>La principal peculiaridad del <strong>MIKU MAX<\/strong> se observa en el asiento, ya que <strong>est\u00e1 montado al aire<\/strong>. Esto no afecta a la estabilidad del conductor, ya que este dise\u00f1o est\u00e1 especialmente preparado evitar que se produzca una desestabilizaci\u00f3n durante su conducci\u00f3n.<\/p>\n<p>Est\u00e1 equipada con un <strong>motor el\u00e9ctrico Bosch<\/strong> (si, si, fabricado por Bosch, m\u00e1xima calidad y potencia) ubicado en la rueda trasera que ofrece una potencia m\u00e1xima de 1800 vatios, este motor fabricado y desarrollado por el N\u00ba1 en motores el\u00e9ctricos a nivel Mundial, desarrolla una fuerza y <strong>potencia superior a los motores de 2500W<\/strong> de otros fabricantes, con ello conseguimos una mayor eficiencia y ahorro de bater\u00eda, consiguiendo una aceleraci\u00f3n de 0 a 45 km\/h en tan solo 9.8 segundos.<\/p>\n<p><img decoding=\"async\" data-src=\"https:\/\/i.ibb.co\/m06YmCy\/JZ0-A6615-Editar.jpg\" alt=\"JZ0-A6615-Editar\" border=\"0\" title=\"\" src=\"data:image\/svg+xml;base64,PHN2ZyB3aWR0aD0iMSIgaGVpZ2h0PSIxIiB4bWxucz0iaHR0cDovL3d3dy53My5vcmcvMjAwMC9zdmciPjwvc3ZnPg==\" class=\"lazyload\"><\/p>\n<p>Para que puedas conducir por la noche con total tranquilidad, este veh\u00edculo el\u00e9ctrico est\u00e1 equipado con una luz LED frontal que proporciona un \u00e1ngulo de visi\u00f3n casi el doble del est\u00e1ndar internacional, que est\u00e1 fijado en 30\u00ba a 12 metros y en 24\u00ba a 9 metros.<\/p>\n<p><iframe data-src=\"https:\/\/www.youtube.com\/embed\/rxj74nHLKa4\" width=\"560\" height=\"315\" frameborder=\"0\" allowfullscreen=\"allowfullscreen\" src=\"data:image\/svg+xml;base64,PHN2ZyB3aWR0aD0iMSIgaGVpZ2h0PSIxIiB4bWxucz0iaHR0cDovL3d3dy53My5vcmcvMjAwMC9zdmciPjwvc3ZnPg==\" class=\"lazyload\" data-load-mode=\"1\"><\/iframe><\/p>\n<p>Dado que se trata de un veh\u00edculo muy ligero (solo pesa 70 kg), le permite alcanzar una <strong>velocidad m\u00e1xima de 45 km\/h.<\/strong> Ya que adem\u00e1s es la velocidad m\u00e1xima permitida para un ciclomotor.<\/p>\n<p>Como puede comprobar en el siguiente enlace, un usuario de Miku Max ha hecho una prueba de velocidad y la ha hecho p\u00fablica.<\/p>\n<p><iframe data-src=\"https:\/\/www.youtube.com\/embed\/_qzbbeWQkQk\" width=\"560\" height=\"315\" frameborder=\"0\" allowfullscreen=\"allowfullscreen\" src=\"data:image\/svg+xml;base64,PHN2ZyB3aWR0aD0iMSIgaGVpZ2h0PSIxIiB4bWxucz0iaHR0cDovL3d3dy53My5vcmcvMjAwMC9zdmciPjwvc3ZnPg==\" class=\"lazyload\" data-load-mode=\"1\"><\/iframe><\/p>\n<p>Su bater\u00eda de litio tiene una capacidad de 60 V 20 AH y proporciona una<strong> autonom\u00eda de hasta 60 km<\/strong> para un pasajero de 70 kg de peso. Tiene un tiempo de carga de 4 horas y tiene una vida \u00fatil de 800 ciclos de carga. <strong>\u00bfC\u00f3mo se extrae para facilitarme la carga?<\/strong><\/p>\n<p><iframe data-src=\"https:\/\/www.youtube.com\/embed\/7mPdxdg-9S4\" width=\"560\" height=\"315\" frameborder=\"0\" allowfullscreen=\"allowfullscreen\" src=\"data:image\/svg+xml;base64,PHN2ZyB3aWR0aD0iMSIgaGVpZ2h0PSIxIiB4bWxucz0iaHR0cDovL3d3dy53My5vcmcvMjAwMC9zdmciPjwvc3ZnPg==\" class=\"lazyload\" data-load-mode=\"1\"><\/iframe><\/p>\n<p><iframe data-src=\"https:\/\/www.youtube.com\/embed\/nzeL5LIfpKA\" width=\"560\" height=\"315\" frameborder=\"0\" allowfullscreen=\"allowfullscreen\" src=\"data:image\/svg+xml;base64,PHN2ZyB3aWR0aD0iMSIgaGVpZ2h0PSIxIiB4bWxucz0iaHR0cDovL3d3dy53My5vcmcvMjAwMC9zdmciPjwvc3ZnPg==\" class=\"lazyload\" data-load-mode=\"1\"><\/iframe><\/p>\n<p><strong>La scooter el\u00e9ctrica MIKU MAX<\/strong> dispone de un sistema de frenos de disco eficaz, y cuenta con amortiguadores de cuatro acoplamientos para que el conductor pueda viajar c\u00f3modo en terrenos accidentados o con baches.<\/p>\n<p>La instrumentaci\u00f3n de esta moto el\u00e9ctrica es completamente digital, y te permite conocer el nivel de carga de la bater\u00eda, la velocidad, los kil\u00f3metros recorridos y la hora.<\/p>\n<p><img decoding=\"async\" data-src=\"https:\/\/i.ibb.co\/c1X8Fty\/MG-1020.jpg\" alt=\"MG-1020\" border=\"0\" title=\"\" src=\"data:image\/svg+xml;base64,PHN2ZyB3aWR0aD0iMSIgaGVpZ2h0PSIxIiB4bWxucz0iaHR0cDovL3d3dy53My5vcmcvMjAwMC9zdmciPjwvc3ZnPg==\" class=\"lazyload\"><\/p>\n<p>Adem\u00e1s, <strong>cuenta con un puerto USB para cargar el tel\u00e9fono m\u00f3vil <\/strong>y otros peque\u00f1os dispositivos.<\/p>\n<p>&nbsp;<\/p>\n<p>&nbsp;<\/p>\n<p><strong>****IMPORTANTE:<\/strong> Gran-Scooter Distribuye Producto Oficial, homologado para circular por carreteras, y con certificado del Ministerio de Industria. Gran Scooter es Partner de Sunra en Espa\u00f1a, con total garant\u00eda en el producto, piezas y repuestos. Desgraciadamente, existen el mercado productos paralelos que NO SE PUEDEN MATRICULAR, con caracter\u00edsticas no aprobadas por el ministerio de Industria, y que no tienen acceso a la garant\u00eda oficial ni a los repuestos. Compre con inteligencia.<\/p>\n<p>Para la conducci\u00f3n de este veh\u00edculo ser\u00e1 necesario poseer el Permiso de Circulaci\u00f3n AM o el B. Se puede obtener a partir de los 15 a\u00f1os de edad en la DGT.<\/p>\n<p><iframe data-src=\"https:\/\/www.youtube.com\/embed\/so0CeL0Tec4\" width=\"560\" height=\"315\" frameborder=\"0\" allowfullscreen=\"allowfullscreen\" src=\"data:image\/svg+xml;base64,PHN2ZyB3aWR0aD0iMSIgaGVpZ2h0PSIxIiB4bWxucz0iaHR0cDovL3d3dy53My5vcmcvMjAwMC9zdmciPjwvc3ZnPg==\" class=\"lazyload\" data-load-mode=\"1\"><\/iframe><\/p>\n<p><strong>* ADVERTENCIA:<\/strong><\/p>\n<p>Antes de su uso, lea completamente el manual de usuario, advertencias de seguridad, mantenimiento, inspecci\u00f3n, uso de de las bater\u00edas y conserve el manual con el que se acompa\u00f1a el producto, para futuras referencias.<\/p>\n<p>El precio de este producto, incluye el transporte en la Pen\u00ednsula y el IVA nacional. El comprador deber\u00e1 asegurar el ciclomotor mediante su compa\u00f1\u00eda aseguradora, cumplir las normas de circulaci\u00f3n y matricular su veh\u00edculo.<\/p>\n<p><b>Tambi\u00e9n<\/b><strong>\u00a0es necesario firmar un contrato de venta. Nuestro equipo se pondr\u00e1 en contacto con el comprador para enviarle dichos contratos y realizar el tramite.<\/strong><\/p>\n<p>&nbsp;<\/p>\n<div class=\"youtubevideo\"><iframe data-src=\"https:\/\/www.youtube.com\/embed\/AQyNbc3RazY\" width=\"300\" height=\"150\" frameborder=\"0\" allowfullscreen=\"allowfullscreen\" src=\"data:image\/svg+xml;base64,PHN2ZyB3aWR0aD0iMSIgaGVpZ2h0PSIxIiB4bWxucz0iaHR0cDovL3d3dy53My5vcmcvMjAwMC9zdmciPjwvc3ZnPg==\" class=\"lazyload\" data-load-mode=\"1\"><\/iframe><\/div>\n<h3><strong>Especificaciones:<\/strong><\/h3>\n<p><strong>Permiso de Circulaci\u00f3n<\/strong><\/p>\n<p>AM, A1,A2,A,B<\/p>\n<table border=\"0\" width=\"100%\" cellspacing=\"0\" cellpadding=\"0\">\n<tbody>\n<tr>\n<td align=\"left\" width=\"206\"><strong>Nombre de producto:<\/strong><\/td>\n<td colspan=\"1\" align=\"left\"><strong>MIKU MAX<\/strong><\/td>\n<\/tr>\n<tr>\n<td align=\"left\"><strong>Potencia M\u00e1xima:<\/strong><\/td>\n<td colspan=\"1\" align=\"left\">1800W Motor BOSCH (Potencia Equivalente a <strong>+2500W<\/strong>, de otros fabricantes)<\/td>\n<\/tr>\n<tr>\n<td align=\"left\"><strong>Potencia Nominal<\/strong><\/td>\n<td align=\"left\">800W<\/td>\n<\/tr>\n<tr>\n<td align=\"left\"><strong>Par Motor:<\/strong><\/td>\n<td align=\"left\">110Nm<\/td>\n<\/tr>\n<tr>\n<td align=\"left\"><strong>Voltaje del motor:<\/strong><\/td>\n<td align=\"left\" width=\"248\">303<\/td>\n<\/tr>\n<tr>\n<td align=\"left\"><strong>Controlador:<\/strong><\/td>\n<td align=\"left\">12mosfets<\/td>\n<\/tr>\n<tr>\n<td align=\"left\"><strong>Velocidad m\u00e1xima:<\/strong><\/td>\n<td align=\"left\">45 (km\/h)<\/td>\n<\/tr>\n<tr>\n<td align=\"left\"><strong>Tipos de bater\u00edas:<\/strong><\/td>\n<td align=\"left\">Bater\u00eda de litio<\/td>\n<\/tr>\n<tr>\n<td align=\"left\"><strong>Capacidad de la bater\u00eda:<\/strong><\/td>\n<td align=\"left\">20AH DE 60V (1,2kWh)<\/td>\n<\/tr>\n<tr>\n<td align=\"left\"><strong>Alcance m\u00e1ximo:<\/strong><\/td>\n<td align=\"left\">60km. \/ 1 persona (70kg)<\/td>\n<\/tr>\n<tr>\n<td align=\"left\"><strong>Bater\u00eda tiempo de carga:<\/strong><\/td>\n<td colspan=\"1\" align=\"left\">4 horas<\/td>\n<\/tr>\n<tr>\n<td align=\"left\"><strong>Vida de bater\u00eda:<\/strong><\/td>\n<td colspan=\"1\" align=\"left\">900 ciclos de carga<\/td>\n<\/tr>\n<tr>\n<td align=\"left\"><strong>Capacidad de subida:<\/strong><\/td>\n<td colspan=\"1\" align=\"left\">21% (1 persona, 70kg)<\/td>\n<\/tr>\n<tr>\n<td align=\"left\"><strong>Tipo de medidor:<\/strong><\/td>\n<td colspan=\"1\" align=\"left\">Digital<\/td>\n<\/tr>\n<tr>\n<td align=\"left\"><strong>Frenos (frontal\/trasero):<\/strong><\/td>\n<td colspan=\"1\" align=\"left\">Disco\/disco<\/td>\n<\/tr>\n<tr>\n<td align=\"left\"><strong>Amortiguador (Frontal\/Trasero):<\/strong><\/td>\n<td colspan=\"1\" align=\"left\">Hidr\u00e1ulico \/ hidr\u00e1ulico<\/td>\n<\/tr>\n<tr>\n<td align=\"left\"><strong>Tama\u00f1o de neum\u00e1tico:<\/strong><\/td>\n<td colspan=\"1\" align=\"left\">3.0 neum\u00e1tico sin tubo de 10&#8242;<\/td>\n<\/tr>\n<tr>\n<td align=\"left\"><strong>Capacidad Max de carga:<\/strong><\/td>\n<td colspan=\"1\" align=\"left\">1 personas (100Kg)<\/td>\n<\/tr>\n<tr>\n<td align=\"left\"><strong>Tipo de marco:<\/strong><\/td>\n<td colspan=\"1\" align=\"left\">Acero<\/td>\n<\/tr>\n<tr>\n<td align=\"left\"><strong>Peso neto:<\/strong><\/td>\n<td colspan=\"1\" align=\"left\">70kg (sin bater\u00eda)<\/td>\n<\/tr>\n<tr>\n<td align=\"left\"><strong>Peso de la bater\u00eda:<\/strong><\/td>\n<td align=\"left\">9kg<\/td>\n<\/tr>\n<tr>\n<td align=\"left\"><strong>Opciones:<\/strong><\/td>\n<td colspan=\"1\" align=\"left\">Control de crucero +1x USB de carga + Alarma + Maletero Interior<\/td>\n<\/tr>\n<tr>\n<td align=\"left\"><strong>Tama\u00f1o del embalaje:<\/strong><\/td>\n<td colspan=\"1\" align=\"left\">117 x 58 x 169 cm<\/td>\n<\/tr>\n<\/tbody>\n<\/table>\n<p><b>Ciclomotor El\u00e9ctrico 0 Emisiones Homologado por la Direcci\u00f3n General de Trafico y Ministerio de Industria . Circulaci\u00f3n Legal 100&#215;100. <\/b><\/p>\n<p><a href=\"https:\/\/ibb.co\/JzsZ9D7\" target=\"_blank\" rel=\"noopener\"><img decoding=\"async\" data-src=\"https:\/\/i.ibb.co\/hKm0S3W\/tarjetaemisioneseco.jpg\" alt=\"tarjetaemisioneseco\" width=\"197\" height=\"142\" border=\"0\" title=\"\" src=\"data:image\/svg+xml;base64,PHN2ZyB3aWR0aD0iMSIgaGVpZ2h0PSIxIiB4bWxucz0iaHR0cDovL3d3dy53My5vcmcvMjAwMC9zdmciPjwvc3ZnPg==\" class=\"lazyload\" style=\"--smush-placeholder-width: 197px; --smush-placeholder-aspect-ratio: 197\/142;\"><\/a><\/p>\n<p>&nbsp;<\/p>\n<p>&nbsp;<\/p>\n<p><strong>Garant\u00eda:<\/strong><\/p>\n<p>3 a\u00f1os<\/p>\n<p>&nbsp;<\/p>\n<p><strong>\u00bfConoces las Ventajas del Veh\u00edculo El\u00e9ctrico?<\/strong><\/p>\n<div align=\"center\"><img decoding=\"async\" data-src=\"https:\/\/i.ibb.co\/HnQYNDy\/Tabla-Comparativa-Vehiculo-Electrico-Combustion.jpg\" alt=\"Tabla-Comparativa-Vehiculo-Electrico-Combustion\" border=\"0\" title=\"\" src=\"data:image\/svg+xml;base64,PHN2ZyB3aWR0aD0iMSIgaGVpZ2h0PSIxIiB4bWxucz0iaHR0cDovL3d3dy53My5vcmcvMjAwMC9zdmciPjwvc3ZnPg==\" class=\"lazyload\"><\/div>\n<p>M\u00e1s videos relacionados con \u00e9sta maravillosa scooter.<\/p>\n<p><iframe data-src=\"https:\/\/www.youtube.com\/embed\/fMY58C00_lw\" width=\"560\" height=\"315\" frameborder=\"0\" allowfullscreen=\"allowfullscreen\" src=\"data:image\/svg+xml;base64,PHN2ZyB3aWR0aD0iMSIgaGVpZ2h0PSIxIiB4bWxucz0iaHR0cDovL3d3dy53My5vcmcvMjAwMC9zdmciPjwvc3ZnPg==\" class=\"lazyload\" data-load-mode=\"1\"><\/iframe><\/p>\n<p><iframe data-src=\"https:\/\/www.youtube.com\/embed\/WPGtOqjWf8g\" width=\"560\" height=\"315\" frameborder=\"0\" allowfullscreen=\"allowfullscreen\" src=\"data:image\/svg+xml;base64,PHN2ZyB3aWR0aD0iMSIgaGVpZ2h0PSIxIiB4bWxucz0iaHR0cDovL3d3dy53My5vcmcvMjAwMC9zdmciPjwvc3ZnPg==\" class=\"lazyload\" data-load-mode=\"1\"><\/iframe><\/p>\n<p><iframe data-src=\"https:\/\/www.youtube.com\/embed\/RfsHGv1arPA\" width=\"560\" height=\"315\" frameborder=\"0\" allowfullscreen=\"allowfullscreen\" src=\"data:image\/svg+xml;base64,PHN2ZyB3aWR0aD0iMSIgaGVpZ2h0PSIxIiB4bWxucz0iaHR0cDovL3d3dy53My5vcmcvMjAwMC9zdmciPjwvc3ZnPg==\" class=\"lazyload\" data-load-mode=\"1\"><\/iframe><\/p>\n<p><iframe data-src=\"https:\/\/www.youtube.com\/embed\/_W-hkJ3bRRs\" width=\"560\" height=\"315\" frameborder=\"0\" allowfullscreen=\"allowfullscreen\" src=\"data:image\/svg+xml;base64,PHN2ZyB3aWR0aD0iMSIgaGVpZ2h0PSIxIiB4bWxucz0iaHR0cDovL3d3dy53My5vcmcvMjAwMC9zdmciPjwvc3ZnPg==\" class=\"lazyload\" data-load-mode=\"1\"><\/iframe><\/p>\n<p>Todo ello por supuesto respaldado con nuestro <strong>Servicio T\u00e9cnico Oficial<\/strong> que tienes a tu disposici\u00f3n para cualquier consulta t\u00e9cnica. Conocen hasta el \u00faltimo mil\u00edmetro de cable de \u00e9stos veh\u00edculos.<\/p>\n<p><iframe data-src=\"https:\/\/www.youtube.com\/embed\/U9hI5KQIn_Q\" width=\"560\" height=\"315\" frameborder=\"0\" allowfullscreen=\"allowfullscreen\" src=\"data:image\/svg+xml;base64,PHN2ZyB3aWR0aD0iMSIgaGVpZ2h0PSIxIiB4bWxucz0iaHR0cDovL3d3dy53My5vcmcvMjAwMC9zdmciPjwvc3ZnPg==\" class=\"lazyload\" data-load-mode=\"1\"><\/iframe><\/p>\n<p><iframe data-src=\"https:\/\/www.youtube.com\/embed\/h1h2998OO9g\" width=\"560\" height=\"315\" frameborder=\"0\" allowfullscreen=\"allowfullscreen\" src=\"data:image\/svg+xml;base64,PHN2ZyB3aWR0aD0iMSIgaGVpZ2h0PSIxIiB4bWxucz0iaHR0cDovL3d3dy53My5vcmcvMjAwMC9zdmciPjwvc3ZnPg==\" class=\"lazyload\" data-load-mode=\"1\"><\/iframe><\/p>\n<p>Con\u00f3cela, ven a visitarnos y pru\u00e9bala!<\/p>\n<p><img decoding=\"async\" data-src=\"https:\/\/i.ibb.co\/cTBZhY4\/MG-0997-Editar.jpg\" alt=\"MG-0997-Editar\" border=\"0\" title=\"\" src=\"data:image\/svg+xml;base64,PHN2ZyB3aWR0aD0iMSIgaGVpZ2h0PSIxIiB4bWxucz0iaHR0cDovL3d3dy53My5vcmcvMjAwMC9zdmciPjwvc3ZnPg==\" class=\"lazyload\"> <img decoding=\"async\" data-src=\"https:\/\/i.ibb.co\/LZqRqy2\/MG-1007-Editar.jpg\" alt=\"MG-1007-Editar\" border=\"0\" title=\"\" src=\"data:image\/svg+xml;base64,PHN2ZyB3aWR0aD0iMSIgaGVpZ2h0PSIxIiB4bWxucz0iaHR0cDovL3d3dy53My5vcmcvMjAwMC9zdmciPjwvc3ZnPg==\" class=\"lazyload\"> <img decoding=\"async\" data-src=\"https:\/\/i.ibb.co\/sFg70Gm\/MG-1008.jpg\" alt=\"MG-1008\" border=\"0\" title=\"\" src=\"data:image\/svg+xml;base64,PHN2ZyB3aWR0aD0iMSIgaGVpZ2h0PSIxIiB4bWxucz0iaHR0cDovL3d3dy53My5vcmcvMjAwMC9zdmciPjwvc3ZnPg==\" class=\"lazyload\"> <img decoding=\"async\" data-src=\"https:\/\/i.ibb.co\/MVTr4qY\/MG-1013-Editar.jpg\" alt=\"MG-1013-Editar\" border=\"0\" title=\"\" src=\"data:image\/svg+xml;base64,PHN2ZyB3aWR0aD0iMSIgaGVpZ2h0PSIxIiB4bWxucz0iaHR0cDovL3d3dy53My5vcmcvMjAwMC9zdmciPjwvc3ZnPg==\" class=\"lazyload\"> \u00a0\u00a0<img decoding=\"async\" data-src=\"https:\/\/i.ibb.co\/kx7whPg\/MG-1023.jpg\" alt=\"MG-1023\" border=\"0\" title=\"\" src=\"data:image\/svg+xml;base64,PHN2ZyB3aWR0aD0iMSIgaGVpZ2h0PSIxIiB4bWxucz0iaHR0cDovL3d3dy53My5vcmcvMjAwMC9zdmciPjwvc3ZnPg==\" class=\"lazyload\"> <img decoding=\"async\" data-src=\"https:\/\/i.ibb.co\/RpFTZjZ\/MG-1187.jpg\" alt=\"MG-1187\" border=\"0\" title=\"\" src=\"data:image\/svg+xml;base64,PHN2ZyB3aWR0aD0iMSIgaGVpZ2h0PSIxIiB4bWxucz0iaHR0cDovL3d3dy53My5vcmcvMjAwMC9zdmciPjwvc3ZnPg==\" class=\"lazyload\"> \u00a0<img decoding=\"async\" data-src=\"https:\/\/i.ibb.co\/bFNZtCC\/MG-1333-Editar.jpg\" alt=\"MG-1333-Editar\" border=\"0\" title=\"\" src=\"data:image\/svg+xml;base64,PHN2ZyB3aWR0aD0iMSIgaGVpZ2h0PSIxIiB4bWxucz0iaHR0cDovL3d3dy53My5vcmcvMjAwMC9zdmciPjwvc3ZnPg==\" class=\"lazyload\"><\/p>\n<p>&nbsp;<\/p>\n<p><strong>\u00bfQuieres saber c\u00f3mo es la f\u00e1brica de SUNRA?<\/strong><\/p>\n<p><iframe data-src=\"https:\/\/www.youtube.com\/embed\/_eoMa_8hUgk\" width=\"560\" height=\"315\" frameborder=\"0\" allowfullscreen=\"allowfullscreen\" src=\"data:image\/svg+xml;base64,PHN2ZyB3aWR0aD0iMSIgaGVpZ2h0PSIxIiB4bWxucz0iaHR0cDovL3d3dy53My5vcmcvMjAwMC9zdmciPjwvc3ZnPg==\" class=\"lazyload\" data-load-mode=\"1\"><\/iframe><\/p>\n","protected":false},"excerpt":{"rendered":"<ul>\n<li><strong>Motor Bosch<\/strong><\/li>\n<li><strong>Bater\u00eda Litio Extra\u00edble<\/strong><\/li>\n<li><strong>Hasta 60 Km de Autonom\u00eda<\/strong><\/li>\n<li><strong>Dise\u00f1o Innovador<\/strong><\/li>\n<li><strong>3 velocidades<\/strong><\/li>\n<\/ul>\n","protected":false},"featured_media":510,"comment_status":"open","ping_status":"closed","template":"","meta":[],"product_cat":[68],"product_tag":[],"class_list":{"0":"post-509","1":"product","2":"type-product","3":"status-publish","4":"has-post-thumbnail","6":"product_cat-miku-max-comprar-precio","8":"first","9":"outofstock","10":"taxable","11":"shipping-taxable","12":"purchasable","13":"product-type-simple"},"_links":{"self":[{"href":"https:\/\/sunra-oficial.com\/index.php?rest_route=\/wp\/v2\/product\/509","targetHints":{"allow":["GET"]}}],"collection":[{"href":"https:\/\/sunra-oficial.com\/index.php?rest_route=\/wp\/v2\/product"}],"about":[{"href":"https:\/\/sunra-oficial.com\/index.php?rest_route=\/wp\/v2\/types\/product"}],"replies":[{"embeddable":true,"href":"https:\/\/sunra-oficial.com\/index.php?rest_route=%2Fwp%2Fv2%2Fcomments&post=509"}],"wp:featuredmedia":[{"embeddable":true,"href":"https:\/\/sunra-oficial.com\/index.php?rest_route=\/wp\/v2\/media\/510"}],"wp:attachment":[{"href":"https:\/\/sunra-oficial.com\/index.php?rest_route=%2Fwp%2Fv2%2Fmedia&parent=509"}],"wp:term":[{"taxonomy":"product_cat","embeddable":true,"href":"https:\/\/sunra-oficial.com\/index.php?rest_route=%2Fwp%2Fv2%2Fproduct_cat&post=509"},{"taxonomy":"product_tag","embeddable":true,"href":"https:\/\/sunra-oficial.com\/index.php?rest_route=%2Fwp%2Fv2%2Fproduct_tag&post=509"}],"curies":[{"name":"wp","href":"https:\/\/api.w.org\/{rel}","templated":true}]}}