{"id":591,"date":"2018-11-26T19:02:27","date_gmt":"2018-11-26T18:02:27","guid":{"rendered":"https:\/\/sunra-oficial.com\/?post_type=product&#038;p=591"},"modified":"2022-08-16T09:36:36","modified_gmt":"2022-08-16T07:36:36","slug":"hawk-matriculable-1800w-20ah-azul-mate-doble-bateria","status":"publish","type":"product","link":"https:\/\/sunra-oficial.com\/?product=hawk-matriculable-1800w-20ah-azul-mate-doble-bateria","title":{"rendered":"SUNRA Hawk 49e 1800W\/40AH Azul Mate (Doble Bater\u00eda)"},"content":{"rendered":"<h3>\u00a0SUNRA Hawk 49e 1800W\/40AH Azul Mate (Doble Bater\u00eda)<\/h3>\n<p>Llega la nueva <strong>moto el\u00e9ctrica Hawk 49e<\/strong>\u00a0con Motor 1800W de 40Ah, ideal para los desplazamientos de tu d\u00eda a d\u00eda con la posibilidad de utilizarlo por carreteras y zonas destinadas a veh\u00edculos de motor. Olv\u00eddese de las aver\u00edas de arranque, de la gasolina y de el complejo mantenimiento de un veh\u00edculo de combustible. Nada de gasolina, filtros ni reparaciones complejas. Recargue su Hawk en su hogar, trabajo, oficinas, etc. \u00a1Las posibilidades son ilimitadas! \u00a1Y disfrute de la velocidad!<\/p>\n<p><iframe data-src=\"https:\/\/www.youtube.com\/embed\/HFy3I9j1xwo\" width=\"560\" height=\"315\" frameborder=\"0\" allowfullscreen=\"allowfullscreen\" src=\"data:image\/svg+xml;base64,PHN2ZyB3aWR0aD0iMSIgaGVpZ2h0PSIxIiB4bWxucz0iaHR0cDovL3d3dy53My5vcmcvMjAwMC9zdmciPjwvc3ZnPg==\" class=\"lazyload\" data-load-mode=\"1\"><\/iframe><img decoding=\"async\" data-src=\"https:\/\/i.ibb.co\/d7hqrJG\/MG-1031-Editar.jpg\" alt=\"MG-1031-Editar\" border=\"0\" title=\"\" src=\"data:image\/svg+xml;base64,PHN2ZyB3aWR0aD0iMSIgaGVpZ2h0PSIxIiB4bWxucz0iaHR0cDovL3d3dy53My5vcmcvMjAwMC9zdmciPjwvc3ZnPg==\" class=\"lazyload\"><\/p>\n<p>Hawk es la \u00faltima <strong>moto el\u00e9ctrica<\/strong> desarrollada por el <strong>fabricante de veh\u00edculos el\u00e9ctricos chino Sunra<\/strong>, es el fabricante n\u00ba1 en China en producci\u00f3n de Scooters de Calidad durante los \u00faltimos 11 a\u00f1os, vendiendo sus scooters en m\u00e1s de 70 pa\u00edses, con una capacidad de producci\u00f3n de 4 millones de scooters el\u00e9ctricos por a\u00f1o&#8230;Est\u00e1 especialmente pensada para moverte por la ciudad de una manera c\u00f3moda y sostenible.<\/p>\n<p><img decoding=\"async\" data-src=\"https:\/\/i.ibb.co\/Hpx2FMF\/Sin-t-tulo-1.jpg\" alt=\"Sin-t-tulo-1\" width=\"560\" height=\"229\" border=\"0\" title=\"\" src=\"data:image\/svg+xml;base64,PHN2ZyB3aWR0aD0iMSIgaGVpZ2h0PSIxIiB4bWxucz0iaHR0cDovL3d3dy53My5vcmcvMjAwMC9zdmciPjwvc3ZnPg==\" class=\"lazyload\" style=\"--smush-placeholder-width: 560px; --smush-placeholder-aspect-ratio: 560\/229;\"><\/p>\n<p>Est\u00e1 equipada con un <strong>motor el\u00e9ctrico 1800W Brushless. <\/strong>Este motor ofrece, adem\u00e1s de ofrecer la m\u00e1xima potencia, no lleva escobillas. Esto permite un menor desgaste de sus materiales al no producir rozamientos, su consumo es m\u00e1s bajo (un 40% menos respecto a otros motores) y su vida \u00fatil y durabilidad en el futuro es mucho mayor.<\/p>\n<p><img decoding=\"async\" data-src=\"https:\/\/i.ibb.co\/VN5DntZ\/JZ0-A4141-Editar.jpg\" alt=\"JZ0-A4141-Editar\" border=\"0\" title=\"\" src=\"data:image\/svg+xml;base64,PHN2ZyB3aWR0aD0iMSIgaGVpZ2h0PSIxIiB4bWxucz0iaHR0cDovL3d3dy53My5vcmcvMjAwMC9zdmciPjwvc3ZnPg==\" class=\"lazyload\"><img decoding=\"async\" data-src=\"https:\/\/i.ibb.co\/qrn6CyW\/MG-1083.jpg\" alt=\"MG-1083\" border=\"0\" title=\"\" src=\"data:image\/svg+xml;base64,PHN2ZyB3aWR0aD0iMSIgaGVpZ2h0PSIxIiB4bWxucz0iaHR0cDovL3d3dy53My5vcmcvMjAwMC9zdmciPjwvc3ZnPg==\" class=\"lazyload\"><\/p>\n<p>Hawk cuenta con un exquisito sistema multimedia que permite una satisfacci\u00f3n en su conducci\u00f3n inigualable. Adem\u00e1s, tiene USB para cargar el m\u00f3vil , bluetooth para poder escuchar su m\u00fasica favorita y Radio FM, proporcionando al conductor nuevas experiencias junto con la m\u00e1xima seguridad.<\/p>\n<p><img decoding=\"async\" data-src=\"https:\/\/i.ibb.co\/HgKCGQ1\/multimedia-hawk.jpg\" alt=\"multimedia-hawk\" width=\"560\" height=\"508\" border=\"0\" title=\"\" src=\"data:image\/svg+xml;base64,PHN2ZyB3aWR0aD0iMSIgaGVpZ2h0PSIxIiB4bWxucz0iaHR0cDovL3d3dy53My5vcmcvMjAwMC9zdmciPjwvc3ZnPg==\" class=\"lazyload\" style=\"--smush-placeholder-width: 560px; --smush-placeholder-aspect-ratio: 560\/508;\"><\/p>\n<p><iframe data-src=\"https:\/\/www.youtube.com\/embed\/VP3jD8DQ5lY\" width=\"560\" height=\"315\" frameborder=\"0\" allowfullscreen=\"allowfullscreen\" src=\"data:image\/svg+xml;base64,PHN2ZyB3aWR0aD0iMSIgaGVpZ2h0PSIxIiB4bWxucz0iaHR0cDovL3d3dy53My5vcmcvMjAwMC9zdmciPjwvc3ZnPg==\" class=\"lazyload\" data-load-mode=\"1\"><\/iframe><\/p>\n<p>La instrumentaci\u00f3n de esta moto el\u00e9ctrica es completamente digital, y te permite conocer el nivel de carga de la bater\u00eda, la velocidad, los kil\u00f3metros recorridos y la hora.<\/p>\n<p>&nbsp;<\/p>\n<p><img decoding=\"async\" data-src=\"https:\/\/i.ibb.co\/KwdWvv5\/MG-1049.jpg\" alt=\"MG-1049\" border=\"0\" title=\"\" src=\"data:image\/svg+xml;base64,PHN2ZyB3aWR0aD0iMSIgaGVpZ2h0PSIxIiB4bWxucz0iaHR0cDovL3d3dy53My5vcmcvMjAwMC9zdmciPjwvc3ZnPg==\" class=\"lazyload\"><\/p>\n<p>La moto el\u00e9ctrica Hawk est\u00e1 equipada con una luz LED frontal que proporciona un gran \u00e1ngulo de visi\u00f3n permitiendo as\u00ed su conducci\u00f3n por la noche sin ning\u00fan tipo de peligro.<\/p>\n<p><img decoding=\"async\" data-src=\"https:\/\/i.ibb.co\/XY08q6y\/luz-led-hawk.jpg\" alt=\"luz-led-hawk\" width=\"560\" height=\"563\" border=\"0\" title=\"\" src=\"data:image\/svg+xml;base64,PHN2ZyB3aWR0aD0iMSIgaGVpZ2h0PSIxIiB4bWxucz0iaHR0cDovL3d3dy53My5vcmcvMjAwMC9zdmciPjwvc3ZnPg==\" class=\"lazyload\" style=\"--smush-placeholder-width: 560px; --smush-placeholder-aspect-ratio: 560\/563;\"><\/p>\n<p>El peso de la Hawk (83 kg sin bater\u00eda) permite alcanzar una velocidad m\u00e1xima de hasta <strong>45km\/h<\/strong>, la cual coincide con la permitida por la DGT.<\/p>\n<p>Esta versi\u00f3n de Hawk est\u00e1 compuesta por 2 bater\u00edas de litio con una capacidad de 72V 20Ah cada una. La gran calidad de su bater\u00eda, as\u00ed como su tama\u00f1o, permiten una autonom\u00eda de hasta 120km para un pasajero de 70 kg de peso. Su tiempo de carga de 4 horas permite su disfrute diario sin interrupciones. Adem\u00e1s, su vida \u00fatil son 1000 ciclos de carga cada bater\u00eda.<\/p>\n<p><img decoding=\"async\" data-src=\"https:\/\/i.ibb.co\/g7dBgfn\/MG-1143-Editar.jpg\" alt=\"MG-1143-Editar\" border=\"0\" title=\"\" src=\"data:image\/svg+xml;base64,PHN2ZyB3aWR0aD0iMSIgaGVpZ2h0PSIxIiB4bWxucz0iaHR0cDovL3d3dy53My5vcmcvMjAwMC9zdmciPjwvc3ZnPg==\" class=\"lazyload\"><\/p>\n<p><strong>La scooter el\u00e9ctrica Hawk<\/strong> dispone de un sistema de frenos de disco eficaz, y cuenta con amortiguadores para que el conductor pueda viajar c\u00f3modo en terrenos accidentados o con baches.<\/p>\n<p><img decoding=\"async\" data-src=\"https:\/\/i.ibb.co\/wN0z9Mr\/MG-1082.jpg\" alt=\"MG-1082\" border=\"0\" title=\"\" src=\"data:image\/svg+xml;base64,PHN2ZyB3aWR0aD0iMSIgaGVpZ2h0PSIxIiB4bWxucz0iaHR0cDovL3d3dy53My5vcmcvMjAwMC9zdmciPjwvc3ZnPg==\" class=\"lazyload\"><\/p>\n<p>Adem\u00e1s nuestra Hawk es totalmente\u00a0<strong>resistente al agua<\/strong>. Conduzca sin temores a las condiciones metereol\u00f3gicas. Sus componentes est\u00e1n dise\u00f1ados para poder resistir la lluvia y el viento, siendo testados cada uno de ellos. \u00a1Disfrute de Hawk!<\/p>\n<p><strong>****IMPORTANTE:<\/strong> Sunra Espa\u00f1a Distribuye Producto Oficial, homologado para circular por carreteras, y con certificado del Ministerio de Industria. Con total garant\u00eda en el producto, piezas y repuestos. Desgraciadamente, existen el mercado productos paralelos que NO SE PUEDEN MATRICULAR, con caracter\u00edsticas no aprobadas por el ministerio de Industria, y que no tienen acceso a la garant\u00eda oficial ni a los repuestos. Compre con inteligencia.<\/p>\n<p>Para la conducci\u00f3n de este veh\u00edculo ser\u00e1 necesario poseer el Permiso de Circulaci\u00f3n AM o el B. Se puede obtener a partir de los 15 a\u00f1os de edad en la DGT.<\/p>\n<p><img decoding=\"async\" data-src=\"https:\/\/i.ibb.co\/5xXTY5p\/MG-1364-Editar.jpg\" alt=\"MG-1364-Editar\" border=\"0\" title=\"\" src=\"data:image\/svg+xml;base64,PHN2ZyB3aWR0aD0iMSIgaGVpZ2h0PSIxIiB4bWxucz0iaHR0cDovL3d3dy53My5vcmcvMjAwMC9zdmciPjwvc3ZnPg==\" class=\"lazyload\"><img decoding=\"async\" data-src=\"https:\/\/i.ibb.co\/nbVVMFp\/JZ0-A4088-Editar.jpg\" alt=\"JZ0-A4088-Editar\" border=\"0\" title=\"\" src=\"data:image\/svg+xml;base64,PHN2ZyB3aWR0aD0iMSIgaGVpZ2h0PSIxIiB4bWxucz0iaHR0cDovL3d3dy53My5vcmcvMjAwMC9zdmciPjwvc3ZnPg==\" class=\"lazyload\"><img decoding=\"async\" data-src=\"https:\/\/i.ibb.co\/7V9kyJR\/JZ0A4691.jpg\" alt=\"JZ0A4691\" border=\"0\" title=\"\" src=\"data:image\/svg+xml;base64,PHN2ZyB3aWR0aD0iMSIgaGVpZ2h0PSIxIiB4bWxucz0iaHR0cDovL3d3dy53My5vcmcvMjAwMC9zdmciPjwvc3ZnPg==\" class=\"lazyload\"><\/p>\n<p><strong>* ADVERTENCIA:<\/strong><\/p>\n<p>Antes de su uso, lea completamente el manual de usuario, advertencias de seguridad, mantenimiento, inspecci\u00f3n, uso de de las bater\u00edas y conserve el manual con el que se acompa\u00f1a el producto, para futuras referencias.<\/p>\n<p>El precio de este producto, incluye el transporte en la Pen\u00ednsula y el IVA nacional. El comprador deber\u00e1 asegurar el ciclomotor mediante su compa\u00f1\u00eda aseguradora, cumplir las normas de circulaci\u00f3n y matricular su veh\u00edculo.<\/p>\n<p><b>Tambi\u00e9n<\/b><strong>\u00a0es necesario firmar un contrato de venta. Nuestro equipo se pondr\u00e1 en contacto con el comprador para enviarle dichos contratos y realizar el tramite.<\/strong><\/p>\n<p><strong style=\"font-size: 14.4px;\">.<\/strong><\/p>\n<h3><strong>Especificaciones:<\/strong><\/h3>\n<table border=\"0\" width=\"100%\" cellspacing=\"0\" cellpadding=\"0\">\n<tbody>\n<tr>\n<td align=\"left\" width=\"262\"><strong>Nombre de producto:<\/strong><\/td>\n<td colspan=\"1\" align=\"left\" width=\"718\"><strong>Hawk<\/strong><\/td>\n<\/tr>\n<tr>\n<td align=\"left\"><strong>Energ\u00eda del motor:<\/strong><\/td>\n<td colspan=\"1\" align=\"left\">1800W Brushless Motor<\/td>\n<\/tr>\n<tr>\n<td align=\"left\"><strong>Controlador:<\/strong><\/td>\n<td align=\"left\">12mosfets<\/td>\n<\/tr>\n<tr>\n<td align=\"left\"><strong>Velocidad m\u00e1xima:<\/strong><\/td>\n<td align=\"left\">45 (km\/h)<\/td>\n<\/tr>\n<tr>\n<td align=\"left\"><strong>Tipos de bater\u00edas:<\/strong><\/td>\n<td align=\"left\">Bater\u00eda de litio<\/td>\n<\/tr>\n<tr>\n<td align=\"left\"><strong>Capacidad de la bater\u00eda:<\/strong><\/td>\n<td align=\"left\">20AH DE 72V + 20AH DE 72V<\/td>\n<\/tr>\n<tr>\n<td align=\"left\"><strong>Alcance m\u00e1ximo:<\/strong><\/td>\n<td align=\"left\">120 km. \/ 1 persona (70kg)<\/td>\n<\/tr>\n<tr>\n<td align=\"left\"><strong>Bater\u00eda tiempo de carga:<\/strong><\/td>\n<td colspan=\"1\" align=\"left\">4 horas cada una<\/td>\n<\/tr>\n<tr>\n<td align=\"left\"><strong>Vida de bater\u00eda:<\/strong><\/td>\n<td colspan=\"1\" align=\"left\">1000 ciclos de carga cada una<\/td>\n<\/tr>\n<tr>\n<td align=\"left\"><strong>Capacidad de subida:<\/strong><\/td>\n<td colspan=\"1\" align=\"left\">23% (1 persona, 70kg)<\/td>\n<\/tr>\n<tr>\n<td align=\"left\"><strong>Tipo de medidor:<\/strong><\/td>\n<td colspan=\"1\" align=\"left\">Digital<\/td>\n<\/tr>\n<tr>\n<td align=\"left\"><strong>Frenos (frontal\/trasero):<\/strong><\/td>\n<td colspan=\"1\" align=\"left\">Disco\/tambor<\/td>\n<\/tr>\n<tr>\n<td align=\"left\"><strong>Amortiguador (Frontal\/Trasero):<\/strong><\/td>\n<td colspan=\"1\" align=\"left\">Hidr\u00e1ulico \/ hidr\u00e1ulico<\/td>\n<\/tr>\n<tr>\n<td align=\"left\"><strong>Tama\u00f1o de neum\u00e1tico:<\/strong><\/td>\n<td colspan=\"1\" align=\"left\">120\/70 neum\u00e1tico sin tubo de 12&#8242;<\/td>\n<\/tr>\n<tr>\n<td align=\"left\"><strong>Capacidad Max de carga:<\/strong><\/td>\n<td colspan=\"1\" align=\"left\">2 personas (150kg)<\/td>\n<\/tr>\n<tr>\n<td align=\"left\"><strong>Tipo de marco:<\/strong><\/td>\n<td colspan=\"1\" align=\"left\">Acero<\/td>\n<\/tr>\n<tr>\n<td align=\"left\"><strong>Peso neto:<\/strong><\/td>\n<td colspan=\"1\" align=\"left\">83kg (sin bater\u00edas)<\/td>\n<\/tr>\n<tr>\n<td align=\"left\"><strong>Peso de la bater\u00eda:<\/strong><\/td>\n<td align=\"left\">12kg cada una<\/td>\n<\/tr>\n<tr>\n<td align=\"left\"><strong>Incluye:<\/strong><\/td>\n<td colspan=\"1\" align=\"left\">1x USB de carga + Alarma + Maletero Interior + Bluetooth + Radio FM<\/td>\n<\/tr>\n<tr>\n<td align=\"left\"><strong>Tama\u00f1o del embalaje:<\/strong><\/td>\n<td colspan=\"1\" align=\"left\">182 x 58 x 83 cm<\/td>\n<\/tr>\n<tr>\n<td align=\"left\"><strong>Permiso de Circulaci\u00f3n<\/strong><\/td>\n<td colspan=\"1\" align=\"left\">AM, A1,A2,A,B<\/td>\n<\/tr>\n<\/tbody>\n<\/table>\n<p>&nbsp;<\/p>\n<p><strong>Ciclomotor Electrico 0 Emisiones Homologado por la Direcci\u00f3n General de Trafico y Ministerio de Industria . Circulaci\u00f3n Legal 100&#215;100. <\/strong><\/p>\n<p><img decoding=\"async\" data-src=\"https:\/\/i.ibb.co\/hKm0S3W\/tarjetaemisioneseco.jpg\" alt=\"tarjetaemisioneseco\" width=\"197\" height=\"142\" border=\"0\" title=\"\" src=\"data:image\/svg+xml;base64,PHN2ZyB3aWR0aD0iMSIgaGVpZ2h0PSIxIiB4bWxucz0iaHR0cDovL3d3dy53My5vcmcvMjAwMC9zdmciPjwvc3ZnPg==\" class=\"lazyload\" style=\"--smush-placeholder-width: 197px; --smush-placeholder-aspect-ratio: 197\/142;\"><\/p>\n<p>&nbsp;<\/p>\n<p>&nbsp;<\/p>\n<p><strong>Garant\u00eda:<\/strong><\/p>\n<p>2 a\u00f1os en todos los componentes y partes del producto. Disponemos de todo tipo de repuestos, como baterias, motores, cubiertas, faros y pilotos, frenos, manetas, electr\u00f3nica.<\/p>\n<p>&nbsp;<\/p>\n<p><strong>\u00bfConoces las Ventajas del Veh\u00edculo El\u00e9ctrico?<\/strong><\/p>\n<div align=\"center\">\n<p><img decoding=\"async\" data-src=\"https:\/\/i.ibb.co\/HnQYNDy\/Tabla-Comparativa-Vehiculo-Electrico-Combustion.jpg\" alt=\"Tabla-Comparativa-Vehiculo-Electrico-Combustion\" border=\"0\" title=\"\" src=\"data:image\/svg+xml;base64,PHN2ZyB3aWR0aD0iMSIgaGVpZ2h0PSIxIiB4bWxucz0iaHR0cDovL3d3dy53My5vcmcvMjAwMC9zdmciPjwvc3ZnPg==\" class=\"lazyload\"><\/p>\n<p>En los siguientes v\u00eddeos se pueden ver <strong>experiencias de los usuarios<\/strong> de Hawk que han compartido sus experiencias en redes sociales.<\/p>\n<p><iframe data-src=\"https:\/\/www.youtube.com\/embed\/sb5PZE6ftgY\" width=\"560\" height=\"315\" frameborder=\"0\" allowfullscreen=\"allowfullscreen\" src=\"data:image\/svg+xml;base64,PHN2ZyB3aWR0aD0iMSIgaGVpZ2h0PSIxIiB4bWxucz0iaHR0cDovL3d3dy53My5vcmcvMjAwMC9zdmciPjwvc3ZnPg==\" class=\"lazyload\" data-load-mode=\"1\"><\/iframe><\/p>\n<p><iframe data-src=\"https:\/\/www.youtube.com\/embed\/Bu_5b7z3ELQ\" width=\"560\" height=\"315\" frameborder=\"0\" allowfullscreen=\"allowfullscreen\" src=\"data:image\/svg+xml;base64,PHN2ZyB3aWR0aD0iMSIgaGVpZ2h0PSIxIiB4bWxucz0iaHR0cDovL3d3dy53My5vcmcvMjAwMC9zdmciPjwvc3ZnPg==\" class=\"lazyload\" data-load-mode=\"1\"><\/iframe><\/p>\n<p>&nbsp;<\/p>\n<p><img decoding=\"async\" data-src=\"https:\/\/i.ibb.co\/nnkj2mT\/MG-1178-Editar.jpg\" alt=\"MG-1178-Editar\" border=\"0\" title=\"\" src=\"data:image\/svg+xml;base64,PHN2ZyB3aWR0aD0iMSIgaGVpZ2h0PSIxIiB4bWxucz0iaHR0cDovL3d3dy53My5vcmcvMjAwMC9zdmciPjwvc3ZnPg==\" class=\"lazyload\"><\/p>\n<p>&nbsp;<\/p>\n<p><strong>\u00bfQuieres saber c\u00f3mo es la f\u00e1brica de SUNRA?<\/strong><\/p>\n<p><iframe data-src=\"https:\/\/www.youtube.com\/embed\/_eoMa_8hUgk\" width=\"560\" height=\"315\" frameborder=\"0\" allowfullscreen=\"allowfullscreen\" src=\"data:image\/svg+xml;base64,PHN2ZyB3aWR0aD0iMSIgaGVpZ2h0PSIxIiB4bWxucz0iaHR0cDovL3d3dy53My5vcmcvMjAwMC9zdmciPjwvc3ZnPg==\" class=\"lazyload\" data-load-mode=\"1\"><\/iframe><\/p>\n<\/div>\n","protected":false},"excerpt":{"rendered":"<ul>\n<li><strong>Motor 1800W Brushless<\/strong><\/li>\n<li><strong>Bater\u00eda Litio Extra\u00edble<\/strong><\/li>\n<li><strong>Hasta 130 Km de Autonom\u00eda<\/strong><\/li>\n<li><strong>Sistema Multimedia Audio<\/strong><\/li>\n<li><strong>Doble Asiento<\/strong><\/li>\n<li><strong>2 velocidades<\/strong><\/li>\n<\/ul>\n","protected":false},"featured_media":583,"comment_status":"open","ping_status":"closed","template":"","meta":[],"product_cat":[69],"product_tag":[],"class_list":{"0":"post-591","1":"product","2":"type-product","3":"status-publish","4":"has-post-thumbnail","6":"product_cat-hawk-scooter-electrico","8":"first","9":"outofstock","10":"taxable","11":"shipping-taxable","12":"purchasable","13":"product-type-simple"},"_links":{"self":[{"href":"https:\/\/sunra-oficial.com\/index.php?rest_route=\/wp\/v2\/product\/591","targetHints":{"allow":["GET"]}}],"collection":[{"href":"https:\/\/sunra-oficial.com\/index.php?rest_route=\/wp\/v2\/product"}],"about":[{"href":"https:\/\/sunra-oficial.com\/index.php?rest_route=\/wp\/v2\/types\/product"}],"replies":[{"embeddable":true,"href":"https:\/\/sunra-oficial.com\/index.php?rest_route=%2Fwp%2Fv2%2Fcomments&post=591"}],"wp:featuredmedia":[{"embeddable":true,"href":"https:\/\/sunra-oficial.com\/index.php?rest_route=\/wp\/v2\/media\/583"}],"wp:attachment":[{"href":"https:\/\/sunra-oficial.com\/index.php?rest_route=%2Fwp%2Fv2%2Fmedia&parent=591"}],"wp:term":[{"taxonomy":"product_cat","embeddable":true,"href":"https:\/\/sunra-oficial.com\/index.php?rest_route=%2Fwp%2Fv2%2Fproduct_cat&post=591"},{"taxonomy":"product_tag","embeddable":true,"href":"https:\/\/sunra-oficial.com\/index.php?rest_route=%2Fwp%2Fv2%2Fproduct_tag&post=591"}],"curies":[{"name":"wp","href":"https:\/\/api.w.org\/{rel}","templated":true}]}}