{"id":7318,"date":"2023-06-08T09:31:26","date_gmt":"2023-06-08T07:31:26","guid":{"rendered":"https:\/\/sunra-oficial.com\/?post_type=product&#038;p=7318"},"modified":"2023-06-12T12:41:05","modified_gmt":"2023-06-12T10:41:05","slug":"liquido-de-freno-elf-dot-5-1-500ml","status":"publish","type":"product","link":"https:\/\/sunra-oficial.com\/?product=liquido-de-freno-elf-dot-5-1-500ml","title":{"rendered":"Liquido de Freno ELF DOT 5.1 500ml"},"content":{"rendered":"<p><strong>Liquido de Freno ELF\u00a0DOT 5.1 500ml<\/strong><\/p>\n<p>\u00a1Hazte ya con el Liquido de Freno ELF\u00a0DOT 5.1 500ml! es perfecto para las motos equipadas con frenos de disco y utilizadas para competici\u00f3n.\u00a0Este fluido sint\u00e9tico es miscible con todos los otros l\u00edquidos sint\u00e9ticos de tipo DOT 3, DOT 4 y DOT 5.1 salvo los fluidos DOT 5 de silicona y los l\u00edquidos especiales de tipo LHM.<\/p>\n<p>Este liquido de freno esta desarrollado para soportar las condiciones clim\u00e1ticas m\u00e1s severas, posee una baja viscosidad a baja temperaturas lo que permite un funcionamiento eficaz del circuito de frenado incluso a temperaturas extremas<\/p>\n<p>El Liquido de Freno ELFDOT 5.1\u00a0 posee\u00a0un buen poder de lubricaci\u00f3n asegurando un buen deslizamiento y ausencia de desgaste del sistema de frenado. Elevada estabilidad t\u00e9rmica en caliente y muy buena resistencia a la oxidaci\u00f3n, adem\u00e1s de baja absorci\u00f3n de agua garantizando un alto nivel de seguridad en la frenada.<\/p>\n<p><strong>Importante<\/strong><\/p>\n<p><em>En el precio de venta se incluyen los impuestos de punto verde y sigaus.\u00a0<\/em><br \/>\n<strong><br \/>\nEspecificaciones<\/strong><\/p>\n<p>\u2013 Marca: Elf<br \/>\n\u2013 Normativa: FMVSS 116 DOT 5.1<br \/>\n\u2013 Tipo de Aceite: Sint\u00e9tico<br \/>\n\u2013 Tipo de Veh\u00edculo: Moto<\/p>\n<p><strong>Contenido<\/strong><\/p>\n<p>1 x Liquido de Freno ELF\u00a0DOT 5.1 500ml<\/p>\n<p><strong>Garant\u00eda<\/strong>:<\/p>\n<p>3 a\u00f1os<\/p>\n","protected":false},"excerpt":{"rendered":"<p>Liquido de Freno ELF\u00a0DOT 5.1 500ml \u00a1Hazte ya con el Liquido de Freno ELF\u00a0DOT 5.1 500ml! es perfecto para las motos equipadas con frenos de disco y utilizadas para competici\u00f3n.\u00a0Este fluido sint\u00e9tico es miscible con todos los otros l\u00edquidos sint\u00e9ticos de tipo DOT 3, DOT 4 y DOT 5.1 salvo los fluidos DOT 5 de [&#8230;]\n","protected":false},"featured_media":7319,"comment_status":"open","ping_status":"closed","template":"","meta":[],"product_cat":[87],"product_tag":[],"class_list":{"0":"post-7318","1":"product","2":"type-product","3":"status-publish","4":"has-post-thumbnail","6":"product_cat-accesorios","8":"first","9":"instock","10":"taxable","11":"shipping-taxable","12":"purchasable","13":"product-type-simple"},"_links":{"self":[{"href":"https:\/\/sunra-oficial.com\/index.php?rest_route=\/wp\/v2\/product\/7318","targetHints":{"allow":["GET"]}}],"collection":[{"href":"https:\/\/sunra-oficial.com\/index.php?rest_route=\/wp\/v2\/product"}],"about":[{"href":"https:\/\/sunra-oficial.com\/index.php?rest_route=\/wp\/v2\/types\/product"}],"replies":[{"embeddable":true,"href":"https:\/\/sunra-oficial.com\/index.php?rest_route=%2Fwp%2Fv2%2Fcomments&post=7318"}],"wp:featuredmedia":[{"embeddable":true,"href":"https:\/\/sunra-oficial.com\/index.php?rest_route=\/wp\/v2\/media\/7319"}],"wp:attachment":[{"href":"https:\/\/sunra-oficial.com\/index.php?rest_route=%2Fwp%2Fv2%2Fmedia&parent=7318"}],"wp:term":[{"taxonomy":"product_cat","embeddable":true,"href":"https:\/\/sunra-oficial.com\/index.php?rest_route=%2Fwp%2Fv2%2Fproduct_cat&post=7318"},{"taxonomy":"product_tag","embeddable":true,"href":"https:\/\/sunra-oficial.com\/index.php?rest_route=%2Fwp%2Fv2%2Fproduct_tag&post=7318"}],"curies":[{"name":"wp","href":"https:\/\/api.w.org\/{rel}","templated":true}]}}