{"id":7347,"date":"2023-06-08T13:44:31","date_gmt":"2023-06-08T11:44:31","guid":{"rendered":"https:\/\/sunra-oficial.com\/?post_type=product&#038;p=7347"},"modified":"2024-03-17T01:06:36","modified_gmt":"2024-03-17T00:06:36","slug":"extintor-6l-abcdef-baterias-de-li-ion-firexo","status":"publish","type":"product","link":"https:\/\/sunra-oficial.com\/?product=extintor-6l-abcdef-baterias-de-li-ion-firexo","title":{"rendered":"Extintor 6L ABCDEF \/ Bater\u00edas de Li-Ion FIREXO"},"content":{"rendered":"<p><strong>Extintor 6L ABCDEF \/ Bater\u00edas de Li-Ion FIREXO<\/strong><\/p>\n<p>M\u00e1xima seguridad con el\u00a0Extintor 2L FIREXO,\u00a0temperatura de uso de -15\u00b0C \/ +60\u00b0C , fabricado de acuerdo con la aprobaci\u00f3n de CE0036.<\/p>\n<p>Resistente al fuego:<\/p>\n<p><strong>&#8211; A<\/strong>: combustible s\u00f3lido: madera, tejidos, papel, cart\u00f3n, etc.<\/p>\n<p><strong>&#8211; B<\/strong>: combustible l\u00edquido: alcohol, gasolina, aceite, disolvente, etc.<\/p>\n<p><strong>&#8211; C<\/strong>: combustible gaseoso: butano, propano, et<\/p>\n<p><strong>&#8211; D:<\/strong>\u00a0Tipos de fuego que involucran\u00a0metales: sodio, magnesio<\/p>\n<p><strong>&#8211; E:\u00a0<\/strong>Tipos de fuego que involucran<strong>\u00a0<\/strong>equipos o instalaciones el\u00e9ctricas<\/p>\n<p><strong>&#8211; F:<\/strong> Tipos de fuego que involucran\u00a0el\u00a0uso de aceites o grasas en cocina<\/p>\n<p>&#8211; Tipos de fuego que involucran <strong>Bater\u00edas de\u00a0Li-Ion<\/strong><\/p>\n<p><a href=\"https:\/\/ibb.co\/Fq4CbDp\" target=\"_blank\" rel=\"noopener\"><img decoding=\"async\" data-src=\"https:\/\/i.ibb.co\/G3QNv5m\/tipos-incendios.png\" alt=\"tipos-incendios\" width=\"712\" height=\"129\" border=\"0\" title=\"\" src=\"data:image\/svg+xml;base64,PHN2ZyB3aWR0aD0iMSIgaGVpZ2h0PSIxIiB4bWxucz0iaHR0cDovL3d3dy53My5vcmcvMjAwMC9zdmciPjwvc3ZnPg==\" class=\"lazyload\" style=\"--smush-placeholder-width: 712px; --smush-placeholder-aspect-ratio: 712\/129;\"><\/a><\/p>\n<p><strong>M\u00e9todo de Uso<\/strong><\/p>\n<p>En el caso de un extintor de incendios en posici\u00f3n vertical, saque el pasador de seguridad, apunte a la base del fuego, apriete la manija y barra de lado a lado.<\/p>\n<p>Descargue todo el contenido sobre el fuego desde una distancia de 1 a 3 m. Almacene en posici\u00f3n vertical y lejos de la luz solar directa o de una fuente de calor. Proteger de las heladas. Reemplazar o recargar despu\u00e9s de su uso.<\/p>\n<p><strong>Importante<\/strong><\/p>\n<p>Verifique peri\u00f3dicamente y recargue despu\u00e9s de su uso. Este Extintor debe de ser revisado al menos una vez al a\u00f1o por un ingeniero de servicio competente de acuerdo con los requisitos nacionales pertinentes. La recarga debe realizarse utilizando solo componenetes recomendados por el fabricante.<\/p>\n<p><span style=\"font-size: 14.4px;\"><b>Caracter\u00edsticas<\/b><\/span><br \/>\n<strong><br \/>\n<\/strong>&#8211; Capacidad : 6 litros<br \/>\n&#8211; Altura del producto 515 mm<br \/>\n&#8211; Di\u00e1metro del cilindro 430 mm<br \/>\n&#8211; Material del cilindro: Acero<br \/>\n&#8211; Gas presurizado: Nitr\u00f3geno<br \/>\n&#8211; Presi\u00f3n de prueba (bar): 30 bar<br \/>\n&#8211; Presi\u00f3n de trabajo a 20\u02daC: 12 bar<br \/>\n&#8211; Peso completo 10.67kg<br \/>\n&#8211; Peso vac\u00edo 3.65 kg<br \/>\n&#8211; Rango de pulverizaci\u00f3n 1 \u2013 4 m<br \/>\n&#8211; Tiempo de descarga a 20 \u00b0 C: 25 \u2013 35 segundos<br \/>\n&#8211; Rango de temperatura (\u02daC): -15\u00b0C \/ +60\u00b0C<br \/>\n&#8211; Garant\u00eda: 5yr<br \/>\n&#8211; Resistencia al fuego: 134A\/113B\/C\/D\/E\/75F<br \/>\n&#8211; Aprobaci\u00f3n CE: CE 0036<\/p>\n<p>&nbsp;<\/p>\n<p>&nbsp;<\/p>\n<p><strong>Contenido<\/strong><\/p>\n<p>1 x Extintor 6L ABCDEF \/ Bater\u00edas de Li-Ion FIREXO<br \/>\n<strong>Garant\u00eda<\/strong>:<\/p>\n<p>3 a\u00f1os<\/p>\n","protected":false},"excerpt":{"rendered":"<p>Extintor 6L ABCDEF \/ Bater\u00edas de Li-Ion FIREXO M\u00e1xima seguridad con el\u00a0Extintor 2L FIREXO,\u00a0temperatura de uso de -15\u00b0C \/ +60\u00b0C , fabricado de acuerdo con la aprobaci\u00f3n de CE0036. Resistente al fuego: &#8211; A: combustible s\u00f3lido: madera, tejidos, papel, cart\u00f3n, etc. &#8211; B: combustible l\u00edquido: alcohol, gasolina, aceite, disolvente, etc. &#8211; C: combustible gaseoso: butano, [&#8230;]\n","protected":false},"featured_media":7351,"comment_status":"open","ping_status":"closed","template":"","meta":[],"product_cat":[348],"product_tag":[],"class_list":{"0":"post-7347","1":"product","2":"type-product","3":"status-publish","4":"has-post-thumbnail","6":"product_cat-seguridad-y-proteccion","8":"first","9":"instock","10":"taxable","11":"shipping-taxable","12":"purchasable","13":"product-type-simple"},"_links":{"self":[{"href":"https:\/\/sunra-oficial.com\/index.php?rest_route=\/wp\/v2\/product\/7347","targetHints":{"allow":["GET"]}}],"collection":[{"href":"https:\/\/sunra-oficial.com\/index.php?rest_route=\/wp\/v2\/product"}],"about":[{"href":"https:\/\/sunra-oficial.com\/index.php?rest_route=\/wp\/v2\/types\/product"}],"replies":[{"embeddable":true,"href":"https:\/\/sunra-oficial.com\/index.php?rest_route=%2Fwp%2Fv2%2Fcomments&post=7347"}],"wp:featuredmedia":[{"embeddable":true,"href":"https:\/\/sunra-oficial.com\/index.php?rest_route=\/wp\/v2\/media\/7351"}],"wp:attachment":[{"href":"https:\/\/sunra-oficial.com\/index.php?rest_route=%2Fwp%2Fv2%2Fmedia&parent=7347"}],"wp:term":[{"taxonomy":"product_cat","embeddable":true,"href":"https:\/\/sunra-oficial.com\/index.php?rest_route=%2Fwp%2Fv2%2Fproduct_cat&post=7347"},{"taxonomy":"product_tag","embeddable":true,"href":"https:\/\/sunra-oficial.com\/index.php?rest_route=%2Fwp%2Fv2%2Fproduct_tag&post=7347"}],"curies":[{"name":"wp","href":"https:\/\/api.w.org\/{rel}","templated":true}]}}